{"id":15,"date":"2024-01-26T14:50:27","date_gmt":"2024-01-26T14:50:27","guid":{"rendered":"http:\/\/stichtingepilepsiecuracao.com\/pap-cw\/?page_id=15"},"modified":"2025-02-09T13:54:30","modified_gmt":"2025-02-09T13:54:30","slug":"home","status":"publish","type":"page","link":"https:\/\/stichtingepilepsiecuracao.com\/pap-cw\/","title":{"rendered":"Home"},"content":{"rendered":"[vc_row type=&#8221;in_container&#8221; full_screen_row_position=&#8221;middle&#8221; column_margin=&#8221;default&#8221; column_direction=&#8221;default&#8221; column_direction_tablet=&#8221;default&#8221; column_direction_phone=&#8221;default&#8221; scene_position=&#8221;center&#8221; text_color=&#8221;dark&#8221; text_align=&#8221;left&#8221; row_border_radius=&#8221;none&#8221; row_border_radius_applies=&#8221;bg&#8221; overflow=&#8221;visible&#8221; overlay_strength=&#8221;0.3&#8243; gradient_direction=&#8221;left_to_right&#8221; shape_divider_position=&#8221;bottom&#8221; bg_image_animation=&#8221;none&#8221;][vc_column column_padding=&#8221;no-extra-padding&#8221; column_padding_tablet=&#8221;inherit&#8221; column_padding_phone=&#8221;inherit&#8221; column_padding_position=&#8221;all&#8221; column_element_direction_desktop=&#8221;default&#8221; column_element_spacing=&#8221;default&#8221; desktop_text_alignment=&#8221;default&#8221; tablet_text_alignment=&#8221;default&#8221; phone_text_alignment=&#8221;default&#8221; background_color_opacity=&#8221;1&#8243; background_hover_color_opacity=&#8221;1&#8243; column_backdrop_filter=&#8221;none&#8221; column_shadow=&#8221;none&#8221; column_border_radius=&#8221;none&#8221; column_link_target=&#8221;_self&#8221; column_position=&#8221;default&#8221; gradient_direction=&#8221;left_to_right&#8221; overlay_strength=&#8221;0.3&#8243; width=&#8221;1\/1&#8243; tablet_width_inherit=&#8221;default&#8221; animation_type=&#8221;default&#8221; bg_image_animation=&#8221;none&#8221; border_type=&#8221;simple&#8221; column_border_width=&#8221;none&#8221; column_border_style=&#8221;solid&#8221;][vc_column_text text_direction=&#8221;default&#8221;]\n<h6 style=\"text-align: right;\">Image by <a href=\"https:\/\/www.freepik.com\/free-photo\/flat-lay-frame-with-purple-ribbon_5482041.htm#query=epilepsy%20ribbon&amp;position=30&amp;from_view=search&amp;track=ais&amp;uuid=114896d0-b020-4942-a2ed-f8db3eac737b\">Freepik<\/a><\/h6>\n[\/vc_column_text][\/vc_column][\/vc_row][vc_row type=&#8221;in_container&#8221; full_screen_row_position=&#8221;middle&#8221; column_margin=&#8221;default&#8221; column_direction=&#8221;default&#8221; column_direction_tablet=&#8221;default&#8221; column_direction_phone=&#8221;default&#8221; scene_position=&#8221;center&#8221; text_color=&#8221;dark&#8221; text_align=&#8221;left&#8221; row_border_radius=&#8221;none&#8221; row_border_radius_applies=&#8221;bg&#8221; overflow=&#8221;visible&#8221; overlay_strength=&#8221;0.3&#8243; gradient_direction=&#8221;left_to_right&#8221; shape_divider_position=&#8221;bottom&#8221; bg_image_animation=&#8221;none&#8221;][vc_column column_padding=&#8221;no-extra-padding&#8221; column_padding_tablet=&#8221;inherit&#8221; column_padding_phone=&#8221;inherit&#8221; column_padding_position=&#8221;all&#8221; column_element_direction_desktop=&#8221;default&#8221; column_element_spacing=&#8221;default&#8221; desktop_text_alignment=&#8221;default&#8221; tablet_text_alignment=&#8221;default&#8221; phone_text_alignment=&#8221;default&#8221; background_color_opacity=&#8221;1&#8243; background_hover_color_opacity=&#8221;1&#8243; column_backdrop_filter=&#8221;none&#8221; column_shadow=&#8221;none&#8221; column_border_radius=&#8221;none&#8221; column_link_target=&#8221;_self&#8221; column_position=&#8221;default&#8221; gradient_direction=&#8221;left_to_right&#8221; overlay_strength=&#8221;0.3&#8243; width=&#8221;2\/3&#8243; tablet_width_inherit=&#8221;default&#8221; animation_type=&#8221;default&#8221; bg_image_animation=&#8221;none&#8221; border_type=&#8221;simple&#8221; column_border_width=&#8221;none&#8221; column_border_style=&#8221;solid&#8221;][nectar_animated_title heading_tag=&#8221;h6&#8243; style=&#8221;color-strip-reveal&#8221; color=&#8221;Accent-Color&#8221; text=&#8221;Nos Historia&#8221;][vc_column_text css=&#8221;.vc_custom_1707756959659{margin-bottom: 20px !important;}&#8221; text_direction=&#8221;default&#8221;]\n<blockquote>\n<p style=\"font-weight: 400;\">E diagn\u00f3sis di epilepsia so, no ta sufisiente.<\/p>\n<p style=\"font-weight: 400;\">Ta esensial pa e persona ku ser konfront\u00e1 ku epilepsia ha\u00f1a atenshon tambe pa e \u00a0efektonan sikososial ku epilepsia ta trese kun\u00e9.<\/p>\n<\/blockquote>\n[\/vc_column_text][vc_column_text text_direction=&#8221;default&#8221;]\n<h4>Yuda nos hasi un diferensia.<\/h4>\n<p style=\"font-weight: 400;\">Stichting Epilepsia Cura\u00e7ao Na\u00efria Winklaar ta invit\u00e1 bo pa bira nos embahador i yuda nos plama konosementu i konsientisashon tokante epilepsia\/djimpi r\u00f2nt K\u00f2rsou.<\/p>\n<p style=\"font-weight: 400;\">Kurason di Stichting Epilepsie Cura\u00e7ao Na\u00efria Winklaar ta konta ku un storia fuerte i emoshonal, un storia di amor di un mama, p\u00e8rdida, i determinashon pa hasi un diferensia.<\/p>\n<p style=\"font-weight: 400;\">Bida di Bruna a kambia kompleto ora ku su prom\u00e9 yu resien nasi, bunita i vibrante, Na\u00efria, a w\u00f2rdu diagnostik\u00e1 ku epilepsia. Manera kualke mama, Bruna a sinti su mes desesper\u00e1 i desampar\u00e1 den e mundu kompleho di kuido pa epilepsia. Nunka prom\u00e9 Bruna no a\u00a0 yega di tende di epilepsia. Spor\u00e1dikamente Bruna a yega di tende di djimpi. Pero djimpi tabata pa Bruna algu kompletamente otro for di lokual e ta mira serka su yu.<\/p>\n[\/vc_column_text][vc_column_text css=&#8221;.vc_custom_1707757133158{padding-right: 10% !important;}&#8221; text_direction=&#8221;default&#8221;]\n<p style=\"font-weight: 400;\">Mi\u00e9ntras Na\u00efria tabata lucha balentemente kontra e retonan ku epilepsia a trese den su bida, Bruna a bira su defensor mas ferviente. Huntu nan a enfrent\u00e1 hopi bishitanan na h\u00f2spital, pasa dor di e diferente pruebanan tambe pruebanan ku medikamentu, emoshonnan i tambe desesperashon. Den tur esaki, Bruna tabata dese\u00e1 pa por tabatin un persona ku por a yud\u2019\u00e9 prinsipalmente komprond\u00e9 kiko ta pasando ku su yu, sa dikon su yu a ha\u00f1a epilepsia, yud\u2019e ha\u00f1a kontesta pa e avalancha di preguntanan ku ta keda drai den su kabes.<\/p>\n<p style=\"font-weight: 400;\">Lamentablemente Na\u00efria su lucha kontra epilepsia a kaba demasiado tempran dor di SUDEP ( Sudden Unexpected Death in Epilepsy).<\/p>\n<p style=\"font-weight: 400;\">Fayesimentu di Na\u00efria a laga su Mama ku un kurason kibr\u00e1 pero determin\u00e1 pa duna honor na su yu su memoria.<\/p>\n[\/vc_column_text][\/vc_column][vc_column column_padding=&#8221;no-extra-padding&#8221; column_padding_tablet=&#8221;inherit&#8221; column_padding_phone=&#8221;inherit&#8221; column_padding_position=&#8221;all&#8221; column_element_direction_desktop=&#8221;default&#8221; column_element_spacing=&#8221;default&#8221; desktop_text_alignment=&#8221;default&#8221; tablet_text_alignment=&#8221;default&#8221; phone_text_alignment=&#8221;default&#8221; background_color_opacity=&#8221;1&#8243; background_hover_color_opacity=&#8221;1&#8243; column_backdrop_filter=&#8221;none&#8221; column_shadow=&#8221;none&#8221; column_border_radius=&#8221;none&#8221; column_link_target=&#8221;_self&#8221; column_position=&#8221;default&#8221; gradient_direction=&#8221;left_to_right&#8221; overlay_strength=&#8221;0.3&#8243; width=&#8221;1\/3&#8243; tablet_width_inherit=&#8221;default&#8221; animation_type=&#8221;default&#8221; bg_image_animation=&#8221;none&#8221; border_type=&#8221;simple&#8221; column_border_width=&#8221;none&#8221; column_border_style=&#8221;solid&#8221;][nectar_btn size=&#8221;jumbo&#8221; button_style=&#8221;regular-tilt&#8221; button_color=&#8221;Accent-Color&#8221; icon_family=&#8221;default_arrow&#8221; text=&#8221;Komparti bo biahe di Epilepsia&#8221; url=&#8221;https:\/\/stichtingepilepsiecuracao.com\/pap-cw\/mi-biahe-di-epilepsia\/&#8221;][image_with_animation image_url=&#8221;120&#8243; image_size=&#8221;full&#8221; animation_type=&#8221;entrance&#8221; animation=&#8221;None&#8221; animation_movement_type=&#8221;transform_y&#8221; hover_animation=&#8221;none&#8221; alignment=&#8221;&#8221; img_link_large=&#8221;yes&#8221; border_radius=&#8221;none&#8221; box_shadow=&#8221;none&#8221; image_loading=&#8221;default&#8221; max_width=&#8221;100%&#8221; max_width_mobile=&#8221;default&#8221;][fancy_box box_style=&#8221;parallax_hover&#8221; icon_family=&#8221;none&#8221; parallax_hover_box_alignment=&#8221;middle&#8221; parallax_hover_box_overlay=&#8221;#04b4c8&#8243; parallax_hover_box_overlay_opacity=&#8221;0.9&#8243; parallax_hover_box_overlay_opacity_hover=&#8221;1&#8243; border_radius=&#8221;default&#8221; image_loading=&#8221;default&#8221; enable_animation=&#8221;true&#8221; animation=&#8221;none&#8221;]\n<p style=\"font-weight: 400;\"><strong>Hopi famia na K\u00f2rsou ta eksperensiando e mesun retonan i dol\u00f3.<\/strong><\/p>\n<p style=\"font-weight: 400;\">Fundashon Epilepsie Cura\u00e7ao Na\u00efria Winklaar\u00a0 a ser lanta ku e meta di sigur\u00e1 ku ningun famia\/persona tin ku hiba e lucha nan so.<\/p>\n<p style=\"font-weight: 400;\"><strong>Epilepsia&#8230;&#8230;bo no tin e bo so!<\/strong><\/p>\n<p style=\"font-weight: 400;\">Stichting Epilepsia Cura\u00e7ao Na\u00efria Winklaar, a w\u00f2rdu lanta legalmente riba 9 di yan\u00fcari 2015 i ta registr\u00e1 na K\u00e1mara di Kom\u00e8rsio bou di number 134815.<\/p>\n[\/fancy_box][\/vc_column][\/vc_row]\n","protected":false},"excerpt":{"rendered":"<p>[vc_row type=&#8221;in_container&#8221; full_screen_row_position=&#8221;middle&#8221; column_margin=&#8221;default&#8221; column_direction=&#8221;default&#8221; column_direction_tablet=&#8221;default&#8221; column_direction_phone=&#8221;default&#8221; scene_position=&#8221;center&#8221; text_color=&#8221;dark&#8221; text_align=&#8221;left&#8221; row_border_radius=&#8221;none&#8221; row_border_radius_applies=&#8221;bg&#8221; overflow=&#8221;visible&#8221; overlay_strength=&#8221;0.3&#8243; gradient_direction=&#8221;left_to_right&#8221; shape_divider_position=&#8221;bottom&#8221; bg_image_animation=&#8221;none&#8221;][vc_column column_padding=&#8221;no-extra-padding&#8221; column_padding_tablet=&#8221;inherit&#8221; column_padding_phone=&#8221;inherit&#8221; column_padding_position=&#8221;all&#8221; column_element_direction_desktop=&#8221;default&#8221; column_element_spacing=&#8221;default&#8221; desktop_text_alignment=&#8221;default&#8221; tablet_text_alignment=&#8221;default&#8221; phone_text_alignment=&#8221;default&#8221; background_color_opacity=&#8221;1&#8243; background_hover_color_opacity=&#8221;1&#8243; column_backdrop_filter=&#8221;none&#8221; column_shadow=&#8221;none&#8221;&#8230;<\/p>\n","protected":false},"author":1,"featured_media":0,"parent":0,"menu_order":0,"comment_status":"closed","ping_status":"closed","template":"","meta":{"footnotes":""},"class_list":["post-15","page","type-page","status-publish"],"yoast_head":"<!-- This site is optimized with the Yoast SEO plugin v27.4 - https:\/\/yoast.com\/product\/yoast-seo-wordpress\/ -->\n<title>Home - Stichting Epilepsie Curacao<\/title>\n<meta name=\"robots\" content=\"index, follow, max-snippet:-1, max-image-preview:large, max-video-preview:-1\" \/>\n<link rel=\"canonical\" href=\"https:\/\/stichtingepilepsiecuracao.com\/pap-cw\/\" \/>\n<meta property=\"og:locale\" content=\"en_US\" \/>\n<meta property=\"og:type\" content=\"article\" \/>\n<meta property=\"og:title\" content=\"Home - Stichting Epilepsie Curacao\" \/>\n<meta property=\"og:description\" content=\"[vc_row type=&#8221;in_container&#8221; full_screen_row_position=&#8221;middle&#8221; column_margin=&#8221;default&#8221; column_direction=&#8221;default&#8221; column_direction_tablet=&#8221;default&#8221; column_direction_phone=&#8221;default&#8221; scene_position=&#8221;center&#8221; text_color=&#8221;dark&#8221; text_align=&#8221;left&#8221; row_border_radius=&#8221;none&#8221; row_border_radius_applies=&#8221;bg&#8221; overflow=&#8221;visible&#8221; overlay_strength=&#8221;0.3&#8243; gradient_direction=&#8221;left_to_right&#8221; shape_divider_position=&#8221;bottom&#8221; bg_image_animation=&#8221;none&#8221;][vc_column column_padding=&#8221;no-extra-padding&#8221; column_padding_tablet=&#8221;inherit&#8221; column_padding_phone=&#8221;inherit&#8221; column_padding_position=&#8221;all&#8221; column_element_direction_desktop=&#8221;default&#8221; column_element_spacing=&#8221;default&#8221; desktop_text_alignment=&#8221;default&#8221; tablet_text_alignment=&#8221;default&#8221; phone_text_alignment=&#8221;default&#8221; background_color_opacity=&#8221;1&#8243; background_hover_color_opacity=&#8221;1&#8243; column_backdrop_filter=&#8221;none&#8221; column_shadow=&#8221;none&#8221;...\" \/>\n<meta property=\"og:url\" content=\"https:\/\/stichtingepilepsiecuracao.com\/pap-cw\/\" \/>\n<meta property=\"og:site_name\" content=\"Stichting Epilepsie Curacao\" \/>\n<meta property=\"article:publisher\" content=\"https:\/\/www.facebook.com\/St.Epilepsia.Curacao\/?locale=nl_NL\" \/>\n<meta property=\"article:modified_time\" content=\"2025-02-09T13:54:30+00:00\" \/>\n<meta name=\"twitter:card\" content=\"summary_large_image\" \/>\n<meta name=\"twitter:label1\" content=\"Est. reading time\" \/>\n\t<meta name=\"twitter:data1\" content=\"3 minutes\" \/>\n<script type=\"application\/ld+json\" class=\"yoast-schema-graph\">{\"@context\":\"https:\\\/\\\/schema.org\",\"@graph\":[{\"@type\":\"WebPage\",\"@id\":\"https:\\\/\\\/stichtingepilepsiecuracao.com\\\/pap-cw\\\/\",\"url\":\"https:\\\/\\\/stichtingepilepsiecuracao.com\\\/pap-cw\\\/\",\"name\":\"Home - Stichting Epilepsie Curacao\",\"isPartOf\":{\"@id\":\"https:\\\/\\\/stichtingepilepsiecuracao.com\\\/pap-cw\\\/#website\"},\"datePublished\":\"2024-01-26T14:50:27+00:00\",\"dateModified\":\"2025-02-09T13:54:30+00:00\",\"breadcrumb\":{\"@id\":\"https:\\\/\\\/stichtingepilepsiecuracao.com\\\/pap-cw\\\/#breadcrumb\"},\"inLanguage\":\"en\",\"potentialAction\":[{\"@type\":\"ReadAction\",\"target\":[\"https:\\\/\\\/stichtingepilepsiecuracao.com\\\/pap-cw\\\/\"]}]},{\"@type\":\"BreadcrumbList\",\"@id\":\"https:\\\/\\\/stichtingepilepsiecuracao.com\\\/pap-cw\\\/#breadcrumb\",\"itemListElement\":[{\"@type\":\"ListItem\",\"position\":1,\"name\":\"Home\",\"item\":\"https:\\\/\\\/stichtingepilepsiecuracao.com\\\/pap-cw\\\/\"},{\"@type\":\"ListItem\",\"position\":2,\"name\":\"Home\"}]},{\"@type\":\"WebSite\",\"@id\":\"https:\\\/\\\/stichtingepilepsiecuracao.com\\\/pap-cw\\\/#website\",\"url\":\"https:\\\/\\\/stichtingepilepsiecuracao.com\\\/pap-cw\\\/\",\"name\":\"Stichting Epilepsie Curacao\",\"description\":\"&quot;Na&iuml;ria Winkelaar&quot;\",\"publisher\":{\"@id\":\"https:\\\/\\\/stichtingepilepsiecuracao.com\\\/pap-cw\\\/#organization\"},\"potentialAction\":[{\"@type\":\"SearchAction\",\"target\":{\"@type\":\"EntryPoint\",\"urlTemplate\":\"https:\\\/\\\/stichtingepilepsiecuracao.com\\\/pap-cw\\\/?s={search_term_string}\"},\"query-input\":{\"@type\":\"PropertyValueSpecification\",\"valueRequired\":true,\"valueName\":\"search_term_string\"}}],\"inLanguage\":\"en\"},{\"@type\":\"Organization\",\"@id\":\"https:\\\/\\\/stichtingepilepsiecuracao.com\\\/pap-cw\\\/#organization\",\"name\":\"Stichting Epilepsie Curacao\",\"url\":\"https:\\\/\\\/stichtingepilepsiecuracao.com\\\/pap-cw\\\/\",\"logo\":{\"@type\":\"ImageObject\",\"inLanguage\":\"en\",\"@id\":\"https:\\\/\\\/stichtingepilepsiecuracao.com\\\/pap-cw\\\/#\\\/schema\\\/logo\\\/image\\\/\",\"url\":\"http:\\\/\\\/stichtingepilepsiecuracao.com\\\/pap-cw\\\/wp-content\\\/uploads\\\/2024\\\/01\\\/SEC-beeldmerk-PNG.png\",\"contentUrl\":\"http:\\\/\\\/stichtingepilepsiecuracao.com\\\/pap-cw\\\/wp-content\\\/uploads\\\/2024\\\/01\\\/SEC-beeldmerk-PNG.png\",\"width\":1507,\"height\":1507,\"caption\":\"Stichting Epilepsie Curacao\"},\"image\":{\"@id\":\"https:\\\/\\\/stichtingepilepsiecuracao.com\\\/pap-cw\\\/#\\\/schema\\\/logo\\\/image\\\/\"},\"sameAs\":[\"https:\\\/\\\/www.facebook.com\\\/St.Epilepsia.Curacao\\\/?locale=nl_NL\"]}]}<\/script>\n<!-- \/ Yoast SEO plugin. -->","yoast_head_json":{"title":"Home - Stichting Epilepsie Curacao","robots":{"index":"index","follow":"follow","max-snippet":"max-snippet:-1","max-image-preview":"max-image-preview:large","max-video-preview":"max-video-preview:-1"},"canonical":"https:\/\/stichtingepilepsiecuracao.com\/pap-cw\/","og_locale":"en_US","og_type":"article","og_title":"Home - Stichting Epilepsie Curacao","og_description":"[vc_row type=&#8221;in_container&#8221; full_screen_row_position=&#8221;middle&#8221; column_margin=&#8221;default&#8221; column_direction=&#8221;default&#8221; column_direction_tablet=&#8221;default&#8221; column_direction_phone=&#8221;default&#8221; scene_position=&#8221;center&#8221; text_color=&#8221;dark&#8221; text_align=&#8221;left&#8221; row_border_radius=&#8221;none&#8221; row_border_radius_applies=&#8221;bg&#8221; overflow=&#8221;visible&#8221; overlay_strength=&#8221;0.3&#8243; gradient_direction=&#8221;left_to_right&#8221; shape_divider_position=&#8221;bottom&#8221; bg_image_animation=&#8221;none&#8221;][vc_column column_padding=&#8221;no-extra-padding&#8221; column_padding_tablet=&#8221;inherit&#8221; column_padding_phone=&#8221;inherit&#8221; column_padding_position=&#8221;all&#8221; column_element_direction_desktop=&#8221;default&#8221; column_element_spacing=&#8221;default&#8221; desktop_text_alignment=&#8221;default&#8221; tablet_text_alignment=&#8221;default&#8221; phone_text_alignment=&#8221;default&#8221; background_color_opacity=&#8221;1&#8243; background_hover_color_opacity=&#8221;1&#8243; column_backdrop_filter=&#8221;none&#8221; column_shadow=&#8221;none&#8221;...","og_url":"https:\/\/stichtingepilepsiecuracao.com\/pap-cw\/","og_site_name":"Stichting Epilepsie Curacao","article_publisher":"https:\/\/www.facebook.com\/St.Epilepsia.Curacao\/?locale=nl_NL","article_modified_time":"2025-02-09T13:54:30+00:00","twitter_card":"summary_large_image","twitter_misc":{"Est. reading time":"3 minutes"},"schema":{"@context":"https:\/\/schema.org","@graph":[{"@type":"WebPage","@id":"https:\/\/stichtingepilepsiecuracao.com\/pap-cw\/","url":"https:\/\/stichtingepilepsiecuracao.com\/pap-cw\/","name":"Home - Stichting Epilepsie Curacao","isPartOf":{"@id":"https:\/\/stichtingepilepsiecuracao.com\/pap-cw\/#website"},"datePublished":"2024-01-26T14:50:27+00:00","dateModified":"2025-02-09T13:54:30+00:00","breadcrumb":{"@id":"https:\/\/stichtingepilepsiecuracao.com\/pap-cw\/#breadcrumb"},"inLanguage":"en","potentialAction":[{"@type":"ReadAction","target":["https:\/\/stichtingepilepsiecuracao.com\/pap-cw\/"]}]},{"@type":"BreadcrumbList","@id":"https:\/\/stichtingepilepsiecuracao.com\/pap-cw\/#breadcrumb","itemListElement":[{"@type":"ListItem","position":1,"name":"Home","item":"https:\/\/stichtingepilepsiecuracao.com\/pap-cw\/"},{"@type":"ListItem","position":2,"name":"Home"}]},{"@type":"WebSite","@id":"https:\/\/stichtingepilepsiecuracao.com\/pap-cw\/#website","url":"https:\/\/stichtingepilepsiecuracao.com\/pap-cw\/","name":"Stichting Epilepsie Curacao","description":"&quot;Na&iuml;ria Winkelaar&quot;","publisher":{"@id":"https:\/\/stichtingepilepsiecuracao.com\/pap-cw\/#organization"},"potentialAction":[{"@type":"SearchAction","target":{"@type":"EntryPoint","urlTemplate":"https:\/\/stichtingepilepsiecuracao.com\/pap-cw\/?s={search_term_string}"},"query-input":{"@type":"PropertyValueSpecification","valueRequired":true,"valueName":"search_term_string"}}],"inLanguage":"en"},{"@type":"Organization","@id":"https:\/\/stichtingepilepsiecuracao.com\/pap-cw\/#organization","name":"Stichting Epilepsie Curacao","url":"https:\/\/stichtingepilepsiecuracao.com\/pap-cw\/","logo":{"@type":"ImageObject","inLanguage":"en","@id":"https:\/\/stichtingepilepsiecuracao.com\/pap-cw\/#\/schema\/logo\/image\/","url":"http:\/\/stichtingepilepsiecuracao.com\/pap-cw\/wp-content\/uploads\/2024\/01\/SEC-beeldmerk-PNG.png","contentUrl":"http:\/\/stichtingepilepsiecuracao.com\/pap-cw\/wp-content\/uploads\/2024\/01\/SEC-beeldmerk-PNG.png","width":1507,"height":1507,"caption":"Stichting Epilepsie Curacao"},"image":{"@id":"https:\/\/stichtingepilepsiecuracao.com\/pap-cw\/#\/schema\/logo\/image\/"},"sameAs":["https:\/\/www.facebook.com\/St.Epilepsia.Curacao\/?locale=nl_NL"]}]}},"_links":{"self":[{"href":"https:\/\/stichtingepilepsiecuracao.com\/pap-cw\/wp-json\/wp\/v2\/pages\/15","targetHints":{"allow":["GET"]}}],"collection":[{"href":"https:\/\/stichtingepilepsiecuracao.com\/pap-cw\/wp-json\/wp\/v2\/pages"}],"about":[{"href":"https:\/\/stichtingepilepsiecuracao.com\/pap-cw\/wp-json\/wp\/v2\/types\/page"}],"author":[{"embeddable":true,"href":"https:\/\/stichtingepilepsiecuracao.com\/pap-cw\/wp-json\/wp\/v2\/users\/1"}],"replies":[{"embeddable":true,"href":"https:\/\/stichtingepilepsiecuracao.com\/pap-cw\/wp-json\/wp\/v2\/comments?post=15"}],"version-history":[{"count":50,"href":"https:\/\/stichtingepilepsiecuracao.com\/pap-cw\/wp-json\/wp\/v2\/pages\/15\/revisions"}],"predecessor-version":[{"id":550,"href":"https:\/\/stichtingepilepsiecuracao.com\/pap-cw\/wp-json\/wp\/v2\/pages\/15\/revisions\/550"}],"wp:attachment":[{"href":"https:\/\/stichtingepilepsiecuracao.com\/pap-cw\/wp-json\/wp\/v2\/media?parent=15"}],"curies":[{"name":"wp","href":"https:\/\/api.w.org\/{rel}","templated":true}]}}