{"id":201,"date":"2024-01-29T15:58:43","date_gmt":"2024-01-29T15:58:43","guid":{"rendered":"http:\/\/stichtingepilepsiecuracao.com\/pap-cw\/?page_id=201"},"modified":"2024-02-13T11:50:35","modified_gmt":"2024-02-13T11:50:35","slug":"ehbo-pa-epilepsia","status":"publish","type":"page","link":"https:\/\/stichtingepilepsiecuracao.com\/pap-cw\/ehbo-pa-epilepsia\/","title":{"rendered":"EHBO pa Epilepsia"},"content":{"rendered":"[vc_row type=&#8221;in_container&#8221; full_screen_row_position=&#8221;middle&#8221; column_margin=&#8221;default&#8221; column_direction=&#8221;default&#8221; column_direction_tablet=&#8221;default&#8221; column_direction_phone=&#8221;default&#8221; scene_position=&#8221;center&#8221; text_color=&#8221;dark&#8221; text_align=&#8221;left&#8221; row_border_radius=&#8221;none&#8221; row_border_radius_applies=&#8221;bg&#8221; overflow=&#8221;visible&#8221; overlay_strength=&#8221;0.3&#8243; gradient_direction=&#8221;left_to_right&#8221; shape_divider_position=&#8221;bottom&#8221; bg_image_animation=&#8221;none&#8221;][vc_column column_padding=&#8221;no-extra-padding&#8221; column_padding_tablet=&#8221;inherit&#8221; column_padding_phone=&#8221;inherit&#8221; column_padding_position=&#8221;all&#8221; column_element_direction_desktop=&#8221;default&#8221; column_element_spacing=&#8221;default&#8221; desktop_text_alignment=&#8221;default&#8221; tablet_text_alignment=&#8221;default&#8221; phone_text_alignment=&#8221;default&#8221; background_color_opacity=&#8221;1&#8243; background_hover_color_opacity=&#8221;1&#8243; column_backdrop_filter=&#8221;none&#8221; column_shadow=&#8221;none&#8221; column_border_radius=&#8221;none&#8221; column_link_target=&#8221;_self&#8221; column_position=&#8221;default&#8221; gradient_direction=&#8221;left_to_right&#8221; overlay_strength=&#8221;0.3&#8243; width=&#8221;1\/1&#8243; tablet_width_inherit=&#8221;default&#8221; animation_type=&#8221;default&#8221; bg_image_animation=&#8221;none&#8221; border_type=&#8221;simple&#8221; column_border_width=&#8221;none&#8221; column_border_style=&#8221;solid&#8221;][vc_column_text text_direction=&#8221;default&#8221;]\n<h6 style=\"text-align: right;\"><a href=\"https:\/\/www.freepik.com\/free-photo\/photo-dissatisfied-woman-keeps-hands-temple-suffers-from-unbearable-headache-clenches-teeth-with-pain-being-exhausted-after-work-wears-burgundy-turtleneck-isolated-purple-wall_13578998.htm\">Image by wayhomestudio<\/a> on Freepik<\/h6>\n[\/vc_column_text][\/vc_column][\/vc_row][vc_row type=&#8221;in_container&#8221; full_screen_row_position=&#8221;middle&#8221; column_margin=&#8221;default&#8221; column_direction=&#8221;default&#8221; column_direction_tablet=&#8221;default&#8221; column_direction_phone=&#8221;default&#8221; scene_position=&#8221;center&#8221; text_color=&#8221;dark&#8221; text_align=&#8221;left&#8221; row_border_radius=&#8221;none&#8221; row_border_radius_applies=&#8221;bg&#8221; overflow=&#8221;visible&#8221; overlay_strength=&#8221;0.3&#8243; gradient_direction=&#8221;left_to_right&#8221; shape_divider_position=&#8221;bottom&#8221; bg_image_animation=&#8221;none&#8221; gradient_type=&#8221;default&#8221; shape_type=&#8221;&#8221;][vc_column column_padding=&#8221;no-extra-padding&#8221; column_padding_tablet=&#8221;inherit&#8221; column_padding_phone=&#8221;inherit&#8221; column_padding_position=&#8221;all&#8221; column_element_direction_desktop=&#8221;default&#8221; column_element_spacing=&#8221;default&#8221; desktop_text_alignment=&#8221;default&#8221; tablet_text_alignment=&#8221;default&#8221; phone_text_alignment=&#8221;default&#8221; background_color_opacity=&#8221;1&#8243; background_hover_color_opacity=&#8221;1&#8243; column_backdrop_filter=&#8221;none&#8221; column_shadow=&#8221;none&#8221; column_border_radius=&#8221;none&#8221; column_link_target=&#8221;_self&#8221; column_position=&#8221;default&#8221; gradient_direction=&#8221;left_to_right&#8221; overlay_strength=&#8221;0.3&#8243; width=&#8221;2\/3&#8243; tablet_width_inherit=&#8221;default&#8221; animation_type=&#8221;default&#8221; bg_image_animation=&#8221;none&#8221; border_type=&#8221;simple&#8221; column_border_width=&#8221;none&#8221; column_border_style=&#8221;solid&#8221;][nectar_animated_title heading_tag=&#8221;h6&#8243; style=&#8221;color-strip-reveal&#8221; color=&#8221;Accent-Color&#8221; text=&#8221;EHBO pa Epilepsia&#8221;][vc_column_text css=&#8221;.vc_custom_1707818386883{margin-bottom: 20px !important;}&#8221; text_direction=&#8221;default&#8221;]\n<blockquote>\n<div><b><span lang=\"pap\">Kon Yuda durante un Atake<\/span><\/b><strong>?<\/strong><\/div>\n<\/blockquote>\n[\/vc_column_text][vc_zigzag]<div class=\"iwithtext\"><div class=\"iwt-icon\"> <img decoding=\"async\" src=\"https:\/\/stichtingepilepsiecuracao.com\/pap-cw\/wp-content\/uploads\/2024\/02\/lotus-300x300.png\" alt=\"\" \/> <\/div><div class=\"iwt-text\"> Keda trankil. <\/div><div class=\"clear\"><\/div><\/div><div class=\"iwithtext\"><div class=\"iwt-icon\"> <img decoding=\"async\" src=\"https:\/\/stichtingepilepsiecuracao.com\/pap-cw\/wp-content\/uploads\/2024\/02\/clock-300x300.png\" alt=\"\" \/> <\/div><div class=\"iwt-text\"> <strong>Wak<\/strong> kuantu <strong>tempu<\/strong> e atake ta dura<br \/>\n(sek\u00f2nde, min\u00fct).<br \/>\n<strong>Un atake ku ta dura mas largu ku 5<\/strong><br \/>\n<strong>min\u00fct mester di atenshon di un <\/strong><br \/>\n<strong>d\u00f2kter.<\/strong> <\/div><div class=\"clear\"><\/div><\/div><div class=\"iwithtext\"><div class=\"iwt-icon\"> <img decoding=\"async\" src=\"https:\/\/stichtingepilepsiecuracao.com\/pap-cw\/wp-content\/uploads\/2024\/02\/first-responder-300x300.png\" alt=\"\" \/> <\/div><div class=\"iwt-text\"> Laga e atake hiba su kurso.<br \/>\n<strong>NO<\/strong> purba <strong>st\u00f2p<\/strong> e atake. <\/div><div class=\"clear\"><\/div><\/div><div class=\"iwithtext\"><div class=\"iwt-icon\"> <img decoding=\"async\" src=\"https:\/\/stichtingepilepsiecuracao.com\/pap-cw\/wp-content\/uploads\/2024\/02\/glass-bottle-300x300.png\" alt=\"\" \/> <\/div><div class=\"iwt-text\"> Kita kosnan duru \u00f2f sk\u00e8rpi ku e persona por hasi su mes da\u00f1o kun\u00e9. <\/div><div class=\"clear\"><\/div><\/div><div class=\"iwithtext\"><div class=\"iwt-icon\"> <img decoding=\"async\" src=\"https:\/\/stichtingepilepsiecuracao.com\/pap-cw\/wp-content\/uploads\/2024\/02\/pillow-300x300.png\" alt=\"\" \/> <\/div><div class=\"iwt-text\"> Pone algu moli bou di su kabes. <\/div><div class=\"clear\"><\/div><\/div><div class=\"iwithtext\"><div class=\"iwt-icon\"> <img decoding=\"async\" src=\"https:\/\/stichtingepilepsiecuracao.com\/pap-cw\/wp-content\/uploads\/2024\/02\/seizure-14031.width-840-300x112.png\" alt=\"\" \/> <\/div><div class=\"iwt-text\"> <strong>Ku kuidou pone<\/strong> e persona <strong>drumi di <\/strong><br \/>\n<strong>banda<\/strong>, ku kabes mand\u00e1 un tiki patras<br \/>\n(stabiele zijligging) di manera ku si e<br \/>\ntin skupi \u00f2f sanger den su boka esaki<br \/>\npor kore sali pa e persona no pega. <\/div><div class=\"clear\"><\/div><\/div><div class=\"iwithtext\"><div class=\"iwt-icon\"> <img decoding=\"async\" src=\"https:\/\/stichtingepilepsiecuracao.com\/pap-cw\/wp-content\/uploads\/2024\/02\/seizure-14031.width-840-300x112.png\" alt=\"\" \/> <\/div><div class=\"iwt-text\"> Purba pa <strong>no<\/strong> tin <strong>aglomerashon<\/strong> di hende rond\u00f3 di e persona. Keda huntu ku e persona te ora e atake a pasa. <\/div><div class=\"clear\"><\/div><\/div><div class=\"iwithtext\"><div class=\"iwt-icon\"> <img decoding=\"async\" src=\"https:\/\/stichtingepilepsiecuracao.com\/pap-cw\/wp-content\/uploads\/2024\/02\/drink-300x300.png\" alt=\"\" \/> <\/div><div class=\"iwt-text\"> \n<ul>\n<li><strong>NO<\/strong> hinka nada den <strong>boka<\/strong> di e persona.<\/li>\n<li><strong>NO<\/strong> <strong>duna<\/strong> <strong>rosea<\/strong> boka pa boka.<\/li>\n<li><strong>NO<\/strong> <strong>spat awa<\/strong> den e persona su kara.<\/li>\n<li><strong>NO <\/strong>duna e persona nada<strong> di bebe.<\/strong><\/li>\n<\/ul>\n <\/div><div class=\"clear\"><\/div><\/div><div class=\"iwithtext\"><div class=\"iwt-icon\"> <img decoding=\"async\" src=\"https:\/\/stichtingepilepsiecuracao.com\/pap-cw\/wp-content\/uploads\/2024\/02\/ambulance-300x300.png\" alt=\"\" \/> <\/div><div class=\"iwt-text\"> Tin sierto atakenan ku mester di atenshon di un<br \/>\nd\u00f2kter.<\/p>\n<ul>\n<li>Un atake ku ta dura mas largu ku 5 min\u00fct.<\/li>\n<li>Ora e persona a risib\u00ed un leshon \u00f2f herida durante e atake.<\/li>\n<li>Si e persona ta hala rosea dif\u00edsil.<\/li>\n<li>Si e persona ha\u00f1a v\u00e1rios atake tras di otro sin a bin<br \/>\nbei.<\/li>\n<li>Si e atake tabata unu totalmente diferente for di lokual e persona sa ha\u00f1a normalmente.<\/li>\n<\/ul>\n <\/div><div class=\"clear\"><\/div><\/div>[\/vc_column][vc_column column_padding=&#8221;no-extra-padding&#8221; column_padding_tablet=&#8221;inherit&#8221; column_padding_phone=&#8221;inherit&#8221; column_padding_position=&#8221;all&#8221; column_element_direction_desktop=&#8221;default&#8221; column_element_spacing=&#8221;default&#8221; desktop_text_alignment=&#8221;default&#8221; tablet_text_alignment=&#8221;default&#8221; phone_text_alignment=&#8221;default&#8221; background_color_opacity=&#8221;1&#8243; background_hover_color_opacity=&#8221;1&#8243; column_backdrop_filter=&#8221;none&#8221; column_shadow=&#8221;none&#8221; column_border_radius=&#8221;none&#8221; column_link_target=&#8221;_self&#8221; column_position=&#8221;default&#8221; boxed=&#8221;true&#8221; gradient_direction=&#8221;left_to_right&#8221; overlay_strength=&#8221;0.3&#8243; width=&#8221;1\/3&#8243; tablet_width_inherit=&#8221;default&#8221; animation_type=&#8221;default&#8221; bg_image_animation=&#8221;none&#8221; border_type=&#8221;simple&#8221; column_border_width=&#8221;none&#8221; column_border_style=&#8221;solid&#8221; column_padding_type=&#8221;default&#8221; gradient_type=&#8221;default&#8221;][vc_row_inner column_margin=&#8221;default&#8221; column_direction=&#8221;default&#8221; column_direction_tablet=&#8221;default&#8221; column_direction_phone=&#8221;default&#8221; text_align=&#8221;left&#8221; row_position=&#8221;default&#8221; row_position_tablet=&#8221;inherit&#8221; row_position_phone=&#8221;inherit&#8221; overflow=&#8221;visible&#8221; pointer_events=&#8221;all&#8221;][vc_column_inner column_padding=&#8221;no-extra-padding&#8221; column_padding_tablet=&#8221;inherit&#8221; column_padding_phone=&#8221;inherit&#8221; column_padding_position=&#8221;all&#8221; column_element_direction_desktop=&#8221;default&#8221; column_element_spacing=&#8221;default&#8221; desktop_text_alignment=&#8221;default&#8221; tablet_text_alignment=&#8221;default&#8221; phone_text_alignment=&#8221;default&#8221; background_color_opacity=&#8221;1&#8243; background_hover_color_opacity=&#8221;1&#8243; column_backdrop_filter=&#8221;none&#8221; column_shadow=&#8221;none&#8221; column_border_radius=&#8221;none&#8221; column_link_target=&#8221;_self&#8221; overflow=&#8221;visible&#8221; gradient_direction=&#8221;left_to_right&#8221; overlay_strength=&#8221;0.3&#8243; width=&#8221;1\/1&#8243; tablet_width_inherit=&#8221;default&#8221; animation_type=&#8221;default&#8221; bg_image_animation=&#8221;none&#8221; border_type=&#8221;simple&#8221; column_border_width=&#8221;none&#8221; column_border_style=&#8221;solid&#8221;][\/vc_column_inner][\/vc_row_inner][vc_column_text text_direction=&#8221;default&#8221;]\n<h6>Image and icon credits:<\/h6>\n<ul>\n<li>\n<h6><a title=\"yoga icons\" href=\"https:\/\/www.flaticon.com\/free-icons\/yoga\">Yoga icons created by monkik &#8211; Flaticon<\/a><\/h6>\n<\/li>\n<li>\n<h6><a title=\"time icons\" href=\"https:\/\/www.flaticon.com\/free-icons\/time\">Time icons created by Freepik &#8211; Flaticon<\/a><\/h6>\n<\/li>\n<li>\n<h6><a title=\"first aid kit icons\" href=\"https:\/\/www.flaticon.com\/free-icons\/first-aid-kit\">First aid kit icons created by Iconjam &#8211; Flaticon<\/a><\/h6>\n<\/li>\n<li>\n<h6><a title=\"glass bottle icons\" href=\"https:\/\/www.flaticon.com\/free-icons\/glass-bottle\">Glass bottle icons created by Freepik &#8211; Flaticon<\/a><\/h6>\n<\/li>\n<li>\n<h6><a title=\"pillow icons\" href=\"https:\/\/www.cuh.nhs.uk\/patient-information\/first-seizure-advice-sheet-for-adult-patients\/\">Image credit: CUH Cambridge<\/a><\/h6>\n<\/li>\n<li>\n<h6><a title=\"pillow icons\" href=\"https:\/\/www.cuh.nhs.uk\/patient-information\/first-seizure-advice-sheet-for-adult-patients\/\">Image credit: CUH Cambridge<\/a><\/h6>\n<\/li>\n<li>\n<h6><a title=\"pillow icons\" href=\"https:\/\/www.flaticon.com\/free-icons\/pillow\">Pillow icons created by Freepik &#8211; Flaticon<\/a><\/h6>\n<\/li>\n<li>\n<h6><a title=\"or icons\" href=\"https:\/\/www.flaticon.com\/free-icons\/or\">Icons created by Roundicons Premium &#8211; Flaticon<\/a><\/h6>\n<\/li>\n<li>\n<h6><a title=\"ambulance icons\" href=\"https:\/\/www.flaticon.com\/free-icons\/ambulance\">Ambulance icons created by nawicon &#8211; Flaticon<\/a><\/h6>\n<\/li>\n<\/ul>\n[\/vc_column_text][\/vc_column][\/vc_row]\n","protected":false},"excerpt":{"rendered":"<p>[vc_row type=&#8221;in_container&#8221; full_screen_row_position=&#8221;middle&#8221; column_margin=&#8221;default&#8221; column_direction=&#8221;default&#8221; column_direction_tablet=&#8221;default&#8221; column_direction_phone=&#8221;default&#8221; scene_position=&#8221;center&#8221; text_color=&#8221;dark&#8221; text_align=&#8221;left&#8221; row_border_radius=&#8221;none&#8221; row_border_radius_applies=&#8221;bg&#8221; overflow=&#8221;visible&#8221; overlay_strength=&#8221;0.3&#8243; gradient_direction=&#8221;left_to_right&#8221; shape_divider_position=&#8221;bottom&#8221; bg_image_animation=&#8221;none&#8221;][vc_column column_padding=&#8221;no-extra-padding&#8221; column_padding_tablet=&#8221;inherit&#8221; column_padding_phone=&#8221;inherit&#8221; column_padding_position=&#8221;all&#8221; column_element_direction_desktop=&#8221;default&#8221; column_element_spacing=&#8221;default&#8221; desktop_text_alignment=&#8221;default&#8221; tablet_text_alignment=&#8221;default&#8221; phone_text_alignment=&#8221;default&#8221; background_color_opacity=&#8221;1&#8243; background_hover_color_opacity=&#8221;1&#8243; column_backdrop_filter=&#8221;none&#8221; column_shadow=&#8221;none&#8221;&#8230;<\/p>\n","protected":false},"author":1,"featured_media":0,"parent":0,"menu_order":0,"comment_status":"closed","ping_status":"closed","template":"","meta":{"footnotes":""},"class_list":["post-201","page","type-page","status-publish"],"yoast_head":"<!-- This site is optimized with the Yoast SEO plugin v27.4 - https:\/\/yoast.com\/product\/yoast-seo-wordpress\/ -->\n<title>EHBO pa Epilepsia - Stichting Epilepsie Curacao<\/title>\n<meta name=\"robots\" content=\"index, follow, max-snippet:-1, max-image-preview:large, max-video-preview:-1\" \/>\n<link rel=\"canonical\" href=\"https:\/\/stichtingepilepsiecuracao.com\/pap-cw\/ehbo-pa-epilepsia\/\" \/>\n<meta property=\"og:locale\" content=\"en_US\" \/>\n<meta property=\"og:type\" content=\"article\" \/>\n<meta property=\"og:title\" content=\"EHBO pa Epilepsia - Stichting Epilepsie Curacao\" \/>\n<meta property=\"og:description\" content=\"[vc_row type=&#8221;in_container&#8221; full_screen_row_position=&#8221;middle&#8221; column_margin=&#8221;default&#8221; column_direction=&#8221;default&#8221; column_direction_tablet=&#8221;default&#8221; column_direction_phone=&#8221;default&#8221; scene_position=&#8221;center&#8221; text_color=&#8221;dark&#8221; text_align=&#8221;left&#8221; row_border_radius=&#8221;none&#8221; row_border_radius_applies=&#8221;bg&#8221; overflow=&#8221;visible&#8221; overlay_strength=&#8221;0.3&#8243; gradient_direction=&#8221;left_to_right&#8221; shape_divider_position=&#8221;bottom&#8221; bg_image_animation=&#8221;none&#8221;][vc_column column_padding=&#8221;no-extra-padding&#8221; column_padding_tablet=&#8221;inherit&#8221; column_padding_phone=&#8221;inherit&#8221; column_padding_position=&#8221;all&#8221; column_element_direction_desktop=&#8221;default&#8221; column_element_spacing=&#8221;default&#8221; desktop_text_alignment=&#8221;default&#8221; tablet_text_alignment=&#8221;default&#8221; phone_text_alignment=&#8221;default&#8221; background_color_opacity=&#8221;1&#8243; background_hover_color_opacity=&#8221;1&#8243; column_backdrop_filter=&#8221;none&#8221; column_shadow=&#8221;none&#8221;...\" \/>\n<meta property=\"og:url\" content=\"https:\/\/stichtingepilepsiecuracao.com\/pap-cw\/ehbo-pa-epilepsia\/\" \/>\n<meta property=\"og:site_name\" content=\"Stichting Epilepsie Curacao\" \/>\n<meta property=\"article:publisher\" content=\"https:\/\/www.facebook.com\/St.Epilepsia.Curacao\/?locale=nl_NL\" \/>\n<meta property=\"article:modified_time\" content=\"2024-02-13T11:50:35+00:00\" \/>\n<meta name=\"twitter:card\" content=\"summary_large_image\" \/>\n<meta name=\"twitter:label1\" content=\"Est. reading time\" \/>\n\t<meta name=\"twitter:data1\" content=\"4 minutes\" \/>\n<script type=\"application\/ld+json\" class=\"yoast-schema-graph\">{\"@context\":\"https:\\\/\\\/schema.org\",\"@graph\":[{\"@type\":\"WebPage\",\"@id\":\"https:\\\/\\\/stichtingepilepsiecuracao.com\\\/pap-cw\\\/ehbo-pa-epilepsia\\\/\",\"url\":\"https:\\\/\\\/stichtingepilepsiecuracao.com\\\/pap-cw\\\/ehbo-pa-epilepsia\\\/\",\"name\":\"EHBO pa Epilepsia - Stichting Epilepsie Curacao\",\"isPartOf\":{\"@id\":\"https:\\\/\\\/stichtingepilepsiecuracao.com\\\/pap-cw\\\/#website\"},\"datePublished\":\"2024-01-29T15:58:43+00:00\",\"dateModified\":\"2024-02-13T11:50:35+00:00\",\"breadcrumb\":{\"@id\":\"https:\\\/\\\/stichtingepilepsiecuracao.com\\\/pap-cw\\\/ehbo-pa-epilepsia\\\/#breadcrumb\"},\"inLanguage\":\"en\",\"potentialAction\":[{\"@type\":\"ReadAction\",\"target\":[\"https:\\\/\\\/stichtingepilepsiecuracao.com\\\/pap-cw\\\/ehbo-pa-epilepsia\\\/\"]}]},{\"@type\":\"BreadcrumbList\",\"@id\":\"https:\\\/\\\/stichtingepilepsiecuracao.com\\\/pap-cw\\\/ehbo-pa-epilepsia\\\/#breadcrumb\",\"itemListElement\":[{\"@type\":\"ListItem\",\"position\":1,\"name\":\"Home\",\"item\":\"https:\\\/\\\/stichtingepilepsiecuracao.com\\\/pap-cw\\\/\"},{\"@type\":\"ListItem\",\"position\":2,\"name\":\"EHBO pa Epilepsia\"}]},{\"@type\":\"WebSite\",\"@id\":\"https:\\\/\\\/stichtingepilepsiecuracao.com\\\/pap-cw\\\/#website\",\"url\":\"https:\\\/\\\/stichtingepilepsiecuracao.com\\\/pap-cw\\\/\",\"name\":\"Stichting Epilepsie Curacao\",\"description\":\"&quot;Na&iuml;ria Winkelaar&quot;\",\"publisher\":{\"@id\":\"https:\\\/\\\/stichtingepilepsiecuracao.com\\\/pap-cw\\\/#organization\"},\"potentialAction\":[{\"@type\":\"SearchAction\",\"target\":{\"@type\":\"EntryPoint\",\"urlTemplate\":\"https:\\\/\\\/stichtingepilepsiecuracao.com\\\/pap-cw\\\/?s={search_term_string}\"},\"query-input\":{\"@type\":\"PropertyValueSpecification\",\"valueRequired\":true,\"valueName\":\"search_term_string\"}}],\"inLanguage\":\"en\"},{\"@type\":\"Organization\",\"@id\":\"https:\\\/\\\/stichtingepilepsiecuracao.com\\\/pap-cw\\\/#organization\",\"name\":\"Stichting Epilepsie Curacao\",\"url\":\"https:\\\/\\\/stichtingepilepsiecuracao.com\\\/pap-cw\\\/\",\"logo\":{\"@type\":\"ImageObject\",\"inLanguage\":\"en\",\"@id\":\"https:\\\/\\\/stichtingepilepsiecuracao.com\\\/pap-cw\\\/#\\\/schema\\\/logo\\\/image\\\/\",\"url\":\"http:\\\/\\\/stichtingepilepsiecuracao.com\\\/pap-cw\\\/wp-content\\\/uploads\\\/2024\\\/01\\\/SEC-beeldmerk-PNG.png\",\"contentUrl\":\"http:\\\/\\\/stichtingepilepsiecuracao.com\\\/pap-cw\\\/wp-content\\\/uploads\\\/2024\\\/01\\\/SEC-beeldmerk-PNG.png\",\"width\":1507,\"height\":1507,\"caption\":\"Stichting Epilepsie Curacao\"},\"image\":{\"@id\":\"https:\\\/\\\/stichtingepilepsiecuracao.com\\\/pap-cw\\\/#\\\/schema\\\/logo\\\/image\\\/\"},\"sameAs\":[\"https:\\\/\\\/www.facebook.com\\\/St.Epilepsia.Curacao\\\/?locale=nl_NL\"]}]}<\/script>\n<!-- \/ Yoast SEO plugin. -->","yoast_head_json":{"title":"EHBO pa Epilepsia - Stichting Epilepsie Curacao","robots":{"index":"index","follow":"follow","max-snippet":"max-snippet:-1","max-image-preview":"max-image-preview:large","max-video-preview":"max-video-preview:-1"},"canonical":"https:\/\/stichtingepilepsiecuracao.com\/pap-cw\/ehbo-pa-epilepsia\/","og_locale":"en_US","og_type":"article","og_title":"EHBO pa Epilepsia - Stichting Epilepsie Curacao","og_description":"[vc_row type=&#8221;in_container&#8221; full_screen_row_position=&#8221;middle&#8221; column_margin=&#8221;default&#8221; column_direction=&#8221;default&#8221; column_direction_tablet=&#8221;default&#8221; column_direction_phone=&#8221;default&#8221; scene_position=&#8221;center&#8221; text_color=&#8221;dark&#8221; text_align=&#8221;left&#8221; row_border_radius=&#8221;none&#8221; row_border_radius_applies=&#8221;bg&#8221; overflow=&#8221;visible&#8221; overlay_strength=&#8221;0.3&#8243; gradient_direction=&#8221;left_to_right&#8221; shape_divider_position=&#8221;bottom&#8221; bg_image_animation=&#8221;none&#8221;][vc_column column_padding=&#8221;no-extra-padding&#8221; column_padding_tablet=&#8221;inherit&#8221; column_padding_phone=&#8221;inherit&#8221; column_padding_position=&#8221;all&#8221; column_element_direction_desktop=&#8221;default&#8221; column_element_spacing=&#8221;default&#8221; desktop_text_alignment=&#8221;default&#8221; tablet_text_alignment=&#8221;default&#8221; phone_text_alignment=&#8221;default&#8221; background_color_opacity=&#8221;1&#8243; background_hover_color_opacity=&#8221;1&#8243; column_backdrop_filter=&#8221;none&#8221; column_shadow=&#8221;none&#8221;...","og_url":"https:\/\/stichtingepilepsiecuracao.com\/pap-cw\/ehbo-pa-epilepsia\/","og_site_name":"Stichting Epilepsie Curacao","article_publisher":"https:\/\/www.facebook.com\/St.Epilepsia.Curacao\/?locale=nl_NL","article_modified_time":"2024-02-13T11:50:35+00:00","twitter_card":"summary_large_image","twitter_misc":{"Est. reading time":"4 minutes"},"schema":{"@context":"https:\/\/schema.org","@graph":[{"@type":"WebPage","@id":"https:\/\/stichtingepilepsiecuracao.com\/pap-cw\/ehbo-pa-epilepsia\/","url":"https:\/\/stichtingepilepsiecuracao.com\/pap-cw\/ehbo-pa-epilepsia\/","name":"EHBO pa Epilepsia - Stichting Epilepsie Curacao","isPartOf":{"@id":"https:\/\/stichtingepilepsiecuracao.com\/pap-cw\/#website"},"datePublished":"2024-01-29T15:58:43+00:00","dateModified":"2024-02-13T11:50:35+00:00","breadcrumb":{"@id":"https:\/\/stichtingepilepsiecuracao.com\/pap-cw\/ehbo-pa-epilepsia\/#breadcrumb"},"inLanguage":"en","potentialAction":[{"@type":"ReadAction","target":["https:\/\/stichtingepilepsiecuracao.com\/pap-cw\/ehbo-pa-epilepsia\/"]}]},{"@type":"BreadcrumbList","@id":"https:\/\/stichtingepilepsiecuracao.com\/pap-cw\/ehbo-pa-epilepsia\/#breadcrumb","itemListElement":[{"@type":"ListItem","position":1,"name":"Home","item":"https:\/\/stichtingepilepsiecuracao.com\/pap-cw\/"},{"@type":"ListItem","position":2,"name":"EHBO pa Epilepsia"}]},{"@type":"WebSite","@id":"https:\/\/stichtingepilepsiecuracao.com\/pap-cw\/#website","url":"https:\/\/stichtingepilepsiecuracao.com\/pap-cw\/","name":"Stichting Epilepsie Curacao","description":"&quot;Na&iuml;ria Winkelaar&quot;","publisher":{"@id":"https:\/\/stichtingepilepsiecuracao.com\/pap-cw\/#organization"},"potentialAction":[{"@type":"SearchAction","target":{"@type":"EntryPoint","urlTemplate":"https:\/\/stichtingepilepsiecuracao.com\/pap-cw\/?s={search_term_string}"},"query-input":{"@type":"PropertyValueSpecification","valueRequired":true,"valueName":"search_term_string"}}],"inLanguage":"en"},{"@type":"Organization","@id":"https:\/\/stichtingepilepsiecuracao.com\/pap-cw\/#organization","name":"Stichting Epilepsie Curacao","url":"https:\/\/stichtingepilepsiecuracao.com\/pap-cw\/","logo":{"@type":"ImageObject","inLanguage":"en","@id":"https:\/\/stichtingepilepsiecuracao.com\/pap-cw\/#\/schema\/logo\/image\/","url":"http:\/\/stichtingepilepsiecuracao.com\/pap-cw\/wp-content\/uploads\/2024\/01\/SEC-beeldmerk-PNG.png","contentUrl":"http:\/\/stichtingepilepsiecuracao.com\/pap-cw\/wp-content\/uploads\/2024\/01\/SEC-beeldmerk-PNG.png","width":1507,"height":1507,"caption":"Stichting Epilepsie Curacao"},"image":{"@id":"https:\/\/stichtingepilepsiecuracao.com\/pap-cw\/#\/schema\/logo\/image\/"},"sameAs":["https:\/\/www.facebook.com\/St.Epilepsia.Curacao\/?locale=nl_NL"]}]}},"_links":{"self":[{"href":"https:\/\/stichtingepilepsiecuracao.com\/pap-cw\/wp-json\/wp\/v2\/pages\/201","targetHints":{"allow":["GET"]}}],"collection":[{"href":"https:\/\/stichtingepilepsiecuracao.com\/pap-cw\/wp-json\/wp\/v2\/pages"}],"about":[{"href":"https:\/\/stichtingepilepsiecuracao.com\/pap-cw\/wp-json\/wp\/v2\/types\/page"}],"author":[{"embeddable":true,"href":"https:\/\/stichtingepilepsiecuracao.com\/pap-cw\/wp-json\/wp\/v2\/users\/1"}],"replies":[{"embeddable":true,"href":"https:\/\/stichtingepilepsiecuracao.com\/pap-cw\/wp-json\/wp\/v2\/comments?post=201"}],"version-history":[{"count":35,"href":"https:\/\/stichtingepilepsiecuracao.com\/pap-cw\/wp-json\/wp\/v2\/pages\/201\/revisions"}],"predecessor-version":[{"id":518,"href":"https:\/\/stichtingepilepsiecuracao.com\/pap-cw\/wp-json\/wp\/v2\/pages\/201\/revisions\/518"}],"wp:attachment":[{"href":"https:\/\/stichtingepilepsiecuracao.com\/pap-cw\/wp-json\/wp\/v2\/media?parent=201"}],"curies":[{"name":"wp","href":"https:\/\/api.w.org\/{rel}","templated":true}]}}