{"id":389,"date":"2024-02-06T21:37:48","date_gmt":"2024-02-06T21:37:48","guid":{"rendered":"http:\/\/stichtingepilepsiecuracao.com\/pap-cw\/?page_id=389"},"modified":"2024-02-13T08:21:00","modified_gmt":"2024-02-13T08:21:00","slug":"morto-inespera-subito-den-epilepsia-sudep","status":"publish","type":"page","link":"https:\/\/stichtingepilepsiecuracao.com\/pap-cw\/morto-inespera-subito-den-epilepsia-sudep\/","title":{"rendered":"Morto Inesper\u00e1 S\u00fabito den Epilepsia (SUDEP)"},"content":{"rendered":"[vc_row type=&#8221;in_container&#8221; full_screen_row_position=&#8221;middle&#8221; column_margin=&#8221;default&#8221; column_direction=&#8221;default&#8221; column_direction_tablet=&#8221;default&#8221; column_direction_phone=&#8221;default&#8221; scene_position=&#8221;center&#8221; text_color=&#8221;dark&#8221; text_align=&#8221;left&#8221; row_border_radius=&#8221;none&#8221; row_border_radius_applies=&#8221;bg&#8221; overflow=&#8221;visible&#8221; overlay_strength=&#8221;0.3&#8243; gradient_direction=&#8221;left_to_right&#8221; shape_divider_position=&#8221;bottom&#8221; bg_image_animation=&#8221;none&#8221;][vc_column column_padding=&#8221;no-extra-padding&#8221; column_padding_tablet=&#8221;inherit&#8221; column_padding_phone=&#8221;inherit&#8221; column_padding_position=&#8221;all&#8221; top_margin=&#8221;20&#8243; column_element_direction_desktop=&#8221;default&#8221; column_element_spacing=&#8221;default&#8221; desktop_text_alignment=&#8221;default&#8221; tablet_text_alignment=&#8221;default&#8221; phone_text_alignment=&#8221;default&#8221; background_color_opacity=&#8221;1&#8243; background_hover_color_opacity=&#8221;1&#8243; column_backdrop_filter=&#8221;none&#8221; column_shadow=&#8221;none&#8221; column_border_radius=&#8221;none&#8221; column_link_target=&#8221;_self&#8221; column_position=&#8221;default&#8221; gradient_direction=&#8221;left_to_right&#8221; overlay_strength=&#8221;0.3&#8243; width=&#8221;1\/1&#8243; tablet_width_inherit=&#8221;default&#8221; animation_type=&#8221;default&#8221; bg_image_animation=&#8221;none&#8221; border_type=&#8221;simple&#8221; column_border_width=&#8221;none&#8221; column_border_style=&#8221;solid&#8221; column_padding_type=&#8221;default&#8221; gradient_type=&#8221;default&#8221;][nectar_animated_title heading_tag=&#8221;h6&#8243; style=&#8221;color-strip-reveal&#8221; color=&#8221;Accent-Color&#8221; text=&#8221;SUDEP&#8221;][vc_column_text text_direction=&#8221;default&#8221;]&#8221;Morto Inesper\u00e1 S\u00fabito den Epilepsia (SUDEP)&#8221; ta refer\u00ed na e fayecimento di un persona ku epilepsia ku ta sosod\u00e9 di repente, sin un kousa klaro, y no ta deb\u00ed na un akshidente \u00f2f emergensia di konbushon. T\u00edpicamente, SUDEP ta sosod\u00e9 ora un persona ta den sosiego, hopi biaha durante \u00f2f despues di un konbushon, y frecuentemente durante sue\u00f1o. Aunque e mekanismonan eksakto tras di SUDEP no ta kompletamente komprend\u00e9, ta kere ku e ta involukr\u00e1 faktornan manera disfuncion respiratorio, anormalidatnan kardiako, y disregulashon del sistema nervioso auton\u00f3miko despues di un konbushon.<\/p>\n<p>E riesgo di SUDEP ta vari\u00e1 entre individuonan ku epilepsia, siendo mas haltu den esnan ku tin konbushonnan toniko-kloniko frecuente, epilepsia ku no ta kontrol\u00e1 bon, y esnan ku tin epilepsia pa hopi a\u00f1a. Sinembargo, ta importante not\u00e1 ku SUDEP ta relativamente raro, y tin pasonan ku individuonan ku epilepsia por tuma pa reduc\u00ed nan riesgo, manera esfuerso pa kontrol \u00f3ptimo di konbushon, siguiendo plan di tratamentu, y usando aparatonan di monitoreo di konbushon ora ta apropiado.<\/p>\n<p>Conciencia di SUDEP ta importante pa personanan ku epilepsia y nan cuidadornan pa nan por hasi desishonnan inform\u00e1 tokante nan kuido y tuma medidanan preventivo pa minimis\u00e1 riesgonan.[\/vc_column_text][nectar_scrolling_text scroll_direction=&#8221;ltr&#8221; scroll_speed=&#8221;slow&#8221; style=&#8221;default&#8221; outline_applies_to=&#8221;text_only&#8221; text_repeat_number=&#8221;3&#8243; text_repeat_divider=&#8221;none&#8221; overflow=&#8221;hidden&#8221; background_image_animation=&#8221;None&#8221;]\n<div id=\"fws_65c2a78a7a692\" class=\"wpb_row vc_row-fluid vc_row inner_row right_padding_20pct\" data-midnight=\"\" data-column-margin=\"default\">\n<div class=\"row_col_wrap_12_inner col span_12 left\">\n<div class=\"vc_col-sm-12 wpb_column column_container vc_column_container col child_column no-extra-padding inherit_tablet inherit_phone \" data-padding-pos=\"all\" data-has-bg-color=\"false\" data-bg-color=\"\" data-bg-opacity=\"1\" data-animation=\"\" data-delay=\"0\">\n<div class=\"vc_column-inner\">\n<div class=\"wpb_wrapper\">\n<div class=\"nectar-split-heading font_size_8vh markup-generated animated-in\" data-align=\"default\" data-m-align=\"inherit\" data-text-effect=\"default\" data-animation-type=\"line-reveal-by-space\" data-animation-delay=\"0\" data-animation-offset=\"\" data-m-rm-animation=\"\" data-stagger=\"true\" data-custom-font-size=\"true\">\n<h2><a href=\"\/pap-cw\/kontrakta-nos\/\">No warda mas largu, kontakt\u00e1 nos awe mes.<\/a><\/h2>\n<\/div>\n<\/div>\n<\/div>\n<\/div>\n<\/div>\n<\/div>\n[\/nectar_scrolling_text][\/vc_column][\/vc_row]\n","protected":false},"excerpt":{"rendered":"<p>[vc_row type=&#8221;in_container&#8221; full_screen_row_position=&#8221;middle&#8221; column_margin=&#8221;default&#8221; column_direction=&#8221;default&#8221; column_direction_tablet=&#8221;default&#8221; column_direction_phone=&#8221;default&#8221; scene_position=&#8221;center&#8221; text_color=&#8221;dark&#8221; text_align=&#8221;left&#8221; row_border_radius=&#8221;none&#8221; row_border_radius_applies=&#8221;bg&#8221; overflow=&#8221;visible&#8221; overlay_strength=&#8221;0.3&#8243; gradient_direction=&#8221;left_to_right&#8221; shape_divider_position=&#8221;bottom&#8221; bg_image_animation=&#8221;none&#8221;][vc_column column_padding=&#8221;no-extra-padding&#8221; column_padding_tablet=&#8221;inherit&#8221; column_padding_phone=&#8221;inherit&#8221; column_padding_position=&#8221;all&#8221; top_margin=&#8221;20&#8243; column_element_direction_desktop=&#8221;default&#8221; column_element_spacing=&#8221;default&#8221; desktop_text_alignment=&#8221;default&#8221; tablet_text_alignment=&#8221;default&#8221; phone_text_alignment=&#8221;default&#8221; background_color_opacity=&#8221;1&#8243; background_hover_color_opacity=&#8221;1&#8243; column_backdrop_filter=&#8221;none&#8221;&#8230;<\/p>\n","protected":false},"author":1,"featured_media":0,"parent":0,"menu_order":0,"comment_status":"closed","ping_status":"closed","template":"","meta":{"footnotes":""},"class_list":["post-389","page","type-page","status-publish"],"yoast_head":"<!-- This site is optimized with the Yoast SEO plugin v27.4 - https:\/\/yoast.com\/product\/yoast-seo-wordpress\/ -->\n<title>Morto Inesper\u00e1 S\u00fabito den Epilepsia (SUDEP) - Stichting Epilepsie Curacao<\/title>\n<meta name=\"robots\" content=\"index, follow, max-snippet:-1, max-image-preview:large, max-video-preview:-1\" \/>\n<link rel=\"canonical\" href=\"https:\/\/stichtingepilepsiecuracao.com\/pap-cw\/morto-inespera-subito-den-epilepsia-sudep\/\" \/>\n<meta property=\"og:locale\" content=\"en_US\" \/>\n<meta property=\"og:type\" content=\"article\" \/>\n<meta property=\"og:title\" content=\"Morto Inesper\u00e1 S\u00fabito den Epilepsia (SUDEP) - Stichting Epilepsie Curacao\" \/>\n<meta property=\"og:description\" content=\"[vc_row type=&#8221;in_container&#8221; full_screen_row_position=&#8221;middle&#8221; column_margin=&#8221;default&#8221; column_direction=&#8221;default&#8221; column_direction_tablet=&#8221;default&#8221; column_direction_phone=&#8221;default&#8221; scene_position=&#8221;center&#8221; text_color=&#8221;dark&#8221; text_align=&#8221;left&#8221; row_border_radius=&#8221;none&#8221; row_border_radius_applies=&#8221;bg&#8221; overflow=&#8221;visible&#8221; overlay_strength=&#8221;0.3&#8243; gradient_direction=&#8221;left_to_right&#8221; shape_divider_position=&#8221;bottom&#8221; bg_image_animation=&#8221;none&#8221;][vc_column column_padding=&#8221;no-extra-padding&#8221; column_padding_tablet=&#8221;inherit&#8221; column_padding_phone=&#8221;inherit&#8221; column_padding_position=&#8221;all&#8221; top_margin=&#8221;20&#8243; column_element_direction_desktop=&#8221;default&#8221; column_element_spacing=&#8221;default&#8221; desktop_text_alignment=&#8221;default&#8221; tablet_text_alignment=&#8221;default&#8221; phone_text_alignment=&#8221;default&#8221; background_color_opacity=&#8221;1&#8243; background_hover_color_opacity=&#8221;1&#8243; column_backdrop_filter=&#8221;none&#8221;...\" \/>\n<meta property=\"og:url\" content=\"https:\/\/stichtingepilepsiecuracao.com\/pap-cw\/morto-inespera-subito-den-epilepsia-sudep\/\" \/>\n<meta property=\"og:site_name\" content=\"Stichting Epilepsie Curacao\" \/>\n<meta property=\"article:publisher\" content=\"https:\/\/www.facebook.com\/St.Epilepsia.Curacao\/?locale=nl_NL\" \/>\n<meta property=\"article:modified_time\" content=\"2024-02-13T08:21:00+00:00\" \/>\n<meta name=\"twitter:card\" content=\"summary_large_image\" \/>\n<meta name=\"twitter:label1\" content=\"Est. reading time\" \/>\n\t<meta name=\"twitter:data1\" content=\"2 minutes\" \/>\n<script type=\"application\/ld+json\" class=\"yoast-schema-graph\">{\"@context\":\"https:\\\/\\\/schema.org\",\"@graph\":[{\"@type\":\"WebPage\",\"@id\":\"https:\\\/\\\/stichtingepilepsiecuracao.com\\\/pap-cw\\\/morto-inespera-subito-den-epilepsia-sudep\\\/\",\"url\":\"https:\\\/\\\/stichtingepilepsiecuracao.com\\\/pap-cw\\\/morto-inespera-subito-den-epilepsia-sudep\\\/\",\"name\":\"Morto Inesper\u00e1 S\u00fabito den Epilepsia (SUDEP) - Stichting Epilepsie Curacao\",\"isPartOf\":{\"@id\":\"https:\\\/\\\/stichtingepilepsiecuracao.com\\\/pap-cw\\\/#website\"},\"datePublished\":\"2024-02-06T21:37:48+00:00\",\"dateModified\":\"2024-02-13T08:21:00+00:00\",\"breadcrumb\":{\"@id\":\"https:\\\/\\\/stichtingepilepsiecuracao.com\\\/pap-cw\\\/morto-inespera-subito-den-epilepsia-sudep\\\/#breadcrumb\"},\"inLanguage\":\"en\",\"potentialAction\":[{\"@type\":\"ReadAction\",\"target\":[\"https:\\\/\\\/stichtingepilepsiecuracao.com\\\/pap-cw\\\/morto-inespera-subito-den-epilepsia-sudep\\\/\"]}]},{\"@type\":\"BreadcrumbList\",\"@id\":\"https:\\\/\\\/stichtingepilepsiecuracao.com\\\/pap-cw\\\/morto-inespera-subito-den-epilepsia-sudep\\\/#breadcrumb\",\"itemListElement\":[{\"@type\":\"ListItem\",\"position\":1,\"name\":\"Home\",\"item\":\"https:\\\/\\\/stichtingepilepsiecuracao.com\\\/pap-cw\\\/\"},{\"@type\":\"ListItem\",\"position\":2,\"name\":\"Morto Inesper\u00e1 S\u00fabito den Epilepsia (SUDEP)\"}]},{\"@type\":\"WebSite\",\"@id\":\"https:\\\/\\\/stichtingepilepsiecuracao.com\\\/pap-cw\\\/#website\",\"url\":\"https:\\\/\\\/stichtingepilepsiecuracao.com\\\/pap-cw\\\/\",\"name\":\"Stichting Epilepsie Curacao\",\"description\":\"&quot;Na&iuml;ria Winkelaar&quot;\",\"publisher\":{\"@id\":\"https:\\\/\\\/stichtingepilepsiecuracao.com\\\/pap-cw\\\/#organization\"},\"potentialAction\":[{\"@type\":\"SearchAction\",\"target\":{\"@type\":\"EntryPoint\",\"urlTemplate\":\"https:\\\/\\\/stichtingepilepsiecuracao.com\\\/pap-cw\\\/?s={search_term_string}\"},\"query-input\":{\"@type\":\"PropertyValueSpecification\",\"valueRequired\":true,\"valueName\":\"search_term_string\"}}],\"inLanguage\":\"en\"},{\"@type\":\"Organization\",\"@id\":\"https:\\\/\\\/stichtingepilepsiecuracao.com\\\/pap-cw\\\/#organization\",\"name\":\"Stichting Epilepsie Curacao\",\"url\":\"https:\\\/\\\/stichtingepilepsiecuracao.com\\\/pap-cw\\\/\",\"logo\":{\"@type\":\"ImageObject\",\"inLanguage\":\"en\",\"@id\":\"https:\\\/\\\/stichtingepilepsiecuracao.com\\\/pap-cw\\\/#\\\/schema\\\/logo\\\/image\\\/\",\"url\":\"http:\\\/\\\/stichtingepilepsiecuracao.com\\\/pap-cw\\\/wp-content\\\/uploads\\\/2024\\\/01\\\/SEC-beeldmerk-PNG.png\",\"contentUrl\":\"http:\\\/\\\/stichtingepilepsiecuracao.com\\\/pap-cw\\\/wp-content\\\/uploads\\\/2024\\\/01\\\/SEC-beeldmerk-PNG.png\",\"width\":1507,\"height\":1507,\"caption\":\"Stichting Epilepsie Curacao\"},\"image\":{\"@id\":\"https:\\\/\\\/stichtingepilepsiecuracao.com\\\/pap-cw\\\/#\\\/schema\\\/logo\\\/image\\\/\"},\"sameAs\":[\"https:\\\/\\\/www.facebook.com\\\/St.Epilepsia.Curacao\\\/?locale=nl_NL\"]}]}<\/script>\n<!-- \/ Yoast SEO plugin. -->","yoast_head_json":{"title":"Morto Inesper\u00e1 S\u00fabito den Epilepsia (SUDEP) - Stichting Epilepsie Curacao","robots":{"index":"index","follow":"follow","max-snippet":"max-snippet:-1","max-image-preview":"max-image-preview:large","max-video-preview":"max-video-preview:-1"},"canonical":"https:\/\/stichtingepilepsiecuracao.com\/pap-cw\/morto-inespera-subito-den-epilepsia-sudep\/","og_locale":"en_US","og_type":"article","og_title":"Morto Inesper\u00e1 S\u00fabito den Epilepsia (SUDEP) - Stichting Epilepsie Curacao","og_description":"[vc_row type=&#8221;in_container&#8221; full_screen_row_position=&#8221;middle&#8221; column_margin=&#8221;default&#8221; column_direction=&#8221;default&#8221; column_direction_tablet=&#8221;default&#8221; column_direction_phone=&#8221;default&#8221; scene_position=&#8221;center&#8221; text_color=&#8221;dark&#8221; text_align=&#8221;left&#8221; row_border_radius=&#8221;none&#8221; row_border_radius_applies=&#8221;bg&#8221; overflow=&#8221;visible&#8221; overlay_strength=&#8221;0.3&#8243; gradient_direction=&#8221;left_to_right&#8221; shape_divider_position=&#8221;bottom&#8221; bg_image_animation=&#8221;none&#8221;][vc_column column_padding=&#8221;no-extra-padding&#8221; column_padding_tablet=&#8221;inherit&#8221; column_padding_phone=&#8221;inherit&#8221; column_padding_position=&#8221;all&#8221; top_margin=&#8221;20&#8243; column_element_direction_desktop=&#8221;default&#8221; column_element_spacing=&#8221;default&#8221; desktop_text_alignment=&#8221;default&#8221; tablet_text_alignment=&#8221;default&#8221; phone_text_alignment=&#8221;default&#8221; background_color_opacity=&#8221;1&#8243; background_hover_color_opacity=&#8221;1&#8243; column_backdrop_filter=&#8221;none&#8221;...","og_url":"https:\/\/stichtingepilepsiecuracao.com\/pap-cw\/morto-inespera-subito-den-epilepsia-sudep\/","og_site_name":"Stichting Epilepsie Curacao","article_publisher":"https:\/\/www.facebook.com\/St.Epilepsia.Curacao\/?locale=nl_NL","article_modified_time":"2024-02-13T08:21:00+00:00","twitter_card":"summary_large_image","twitter_misc":{"Est. reading time":"2 minutes"},"schema":{"@context":"https:\/\/schema.org","@graph":[{"@type":"WebPage","@id":"https:\/\/stichtingepilepsiecuracao.com\/pap-cw\/morto-inespera-subito-den-epilepsia-sudep\/","url":"https:\/\/stichtingepilepsiecuracao.com\/pap-cw\/morto-inespera-subito-den-epilepsia-sudep\/","name":"Morto Inesper\u00e1 S\u00fabito den Epilepsia (SUDEP) - Stichting Epilepsie Curacao","isPartOf":{"@id":"https:\/\/stichtingepilepsiecuracao.com\/pap-cw\/#website"},"datePublished":"2024-02-06T21:37:48+00:00","dateModified":"2024-02-13T08:21:00+00:00","breadcrumb":{"@id":"https:\/\/stichtingepilepsiecuracao.com\/pap-cw\/morto-inespera-subito-den-epilepsia-sudep\/#breadcrumb"},"inLanguage":"en","potentialAction":[{"@type":"ReadAction","target":["https:\/\/stichtingepilepsiecuracao.com\/pap-cw\/morto-inespera-subito-den-epilepsia-sudep\/"]}]},{"@type":"BreadcrumbList","@id":"https:\/\/stichtingepilepsiecuracao.com\/pap-cw\/morto-inespera-subito-den-epilepsia-sudep\/#breadcrumb","itemListElement":[{"@type":"ListItem","position":1,"name":"Home","item":"https:\/\/stichtingepilepsiecuracao.com\/pap-cw\/"},{"@type":"ListItem","position":2,"name":"Morto Inesper\u00e1 S\u00fabito den Epilepsia (SUDEP)"}]},{"@type":"WebSite","@id":"https:\/\/stichtingepilepsiecuracao.com\/pap-cw\/#website","url":"https:\/\/stichtingepilepsiecuracao.com\/pap-cw\/","name":"Stichting Epilepsie Curacao","description":"&quot;Na&iuml;ria Winkelaar&quot;","publisher":{"@id":"https:\/\/stichtingepilepsiecuracao.com\/pap-cw\/#organization"},"potentialAction":[{"@type":"SearchAction","target":{"@type":"EntryPoint","urlTemplate":"https:\/\/stichtingepilepsiecuracao.com\/pap-cw\/?s={search_term_string}"},"query-input":{"@type":"PropertyValueSpecification","valueRequired":true,"valueName":"search_term_string"}}],"inLanguage":"en"},{"@type":"Organization","@id":"https:\/\/stichtingepilepsiecuracao.com\/pap-cw\/#organization","name":"Stichting Epilepsie Curacao","url":"https:\/\/stichtingepilepsiecuracao.com\/pap-cw\/","logo":{"@type":"ImageObject","inLanguage":"en","@id":"https:\/\/stichtingepilepsiecuracao.com\/pap-cw\/#\/schema\/logo\/image\/","url":"http:\/\/stichtingepilepsiecuracao.com\/pap-cw\/wp-content\/uploads\/2024\/01\/SEC-beeldmerk-PNG.png","contentUrl":"http:\/\/stichtingepilepsiecuracao.com\/pap-cw\/wp-content\/uploads\/2024\/01\/SEC-beeldmerk-PNG.png","width":1507,"height":1507,"caption":"Stichting Epilepsie Curacao"},"image":{"@id":"https:\/\/stichtingepilepsiecuracao.com\/pap-cw\/#\/schema\/logo\/image\/"},"sameAs":["https:\/\/www.facebook.com\/St.Epilepsia.Curacao\/?locale=nl_NL"]}]}},"_links":{"self":[{"href":"https:\/\/stichtingepilepsiecuracao.com\/pap-cw\/wp-json\/wp\/v2\/pages\/389","targetHints":{"allow":["GET"]}}],"collection":[{"href":"https:\/\/stichtingepilepsiecuracao.com\/pap-cw\/wp-json\/wp\/v2\/pages"}],"about":[{"href":"https:\/\/stichtingepilepsiecuracao.com\/pap-cw\/wp-json\/wp\/v2\/types\/page"}],"author":[{"embeddable":true,"href":"https:\/\/stichtingepilepsiecuracao.com\/pap-cw\/wp-json\/wp\/v2\/users\/1"}],"replies":[{"embeddable":true,"href":"https:\/\/stichtingepilepsiecuracao.com\/pap-cw\/wp-json\/wp\/v2\/comments?post=389"}],"version-history":[{"count":13,"href":"https:\/\/stichtingepilepsiecuracao.com\/pap-cw\/wp-json\/wp\/v2\/pages\/389\/revisions"}],"predecessor-version":[{"id":509,"href":"https:\/\/stichtingepilepsiecuracao.com\/pap-cw\/wp-json\/wp\/v2\/pages\/389\/revisions\/509"}],"wp:attachment":[{"href":"https:\/\/stichtingepilepsiecuracao.com\/pap-cw\/wp-json\/wp\/v2\/media?parent=389"}],"curies":[{"name":"wp","href":"https:\/\/api.w.org\/{rel}","templated":true}]}}