{"id":48,"date":"2024-01-26T15:55:18","date_gmt":"2024-01-26T15:55:18","guid":{"rendered":"http:\/\/stichtingepilepsiecuracao.com\/pap-cw\/?page_id=48"},"modified":"2024-02-12T17:17:41","modified_gmt":"2024-02-12T17:17:41","slug":"un-nota-personal","status":"publish","type":"page","link":"https:\/\/stichtingepilepsiecuracao.com\/pap-cw\/un-nota-personal\/","title":{"rendered":"Un nota personal"},"content":{"rendered":"[vc_row type=&#8221;in_container&#8221; full_screen_row_position=&#8221;middle&#8221; column_margin=&#8221;default&#8221; column_direction=&#8221;default&#8221; column_direction_tablet=&#8221;default&#8221; column_direction_phone=&#8221;default&#8221; scene_position=&#8221;center&#8221; text_color=&#8221;dark&#8221; text_align=&#8221;left&#8221; row_border_radius=&#8221;none&#8221; row_border_radius_applies=&#8221;bg&#8221; overflow=&#8221;visible&#8221; overlay_strength=&#8221;0.3&#8243; gradient_direction=&#8221;left_to_right&#8221; shape_divider_position=&#8221;bottom&#8221; bg_image_animation=&#8221;none&#8221;][vc_column column_padding=&#8221;no-extra-padding&#8221; column_padding_tablet=&#8221;inherit&#8221; column_padding_phone=&#8221;inherit&#8221; column_padding_position=&#8221;all&#8221; column_element_direction_desktop=&#8221;default&#8221; column_element_spacing=&#8221;default&#8221; desktop_text_alignment=&#8221;default&#8221; tablet_text_alignment=&#8221;default&#8221; phone_text_alignment=&#8221;default&#8221; background_color_opacity=&#8221;1&#8243; background_hover_color_opacity=&#8221;1&#8243; column_backdrop_filter=&#8221;none&#8221; column_shadow=&#8221;none&#8221; column_border_radius=&#8221;none&#8221; column_link_target=&#8221;_self&#8221; column_position=&#8221;default&#8221; gradient_direction=&#8221;left_to_right&#8221; overlay_strength=&#8221;0.3&#8243; width=&#8221;1\/1&#8243; tablet_width_inherit=&#8221;default&#8221; animation_type=&#8221;default&#8221; bg_image_animation=&#8221;none&#8221; border_type=&#8221;simple&#8221; column_border_width=&#8221;none&#8221; column_border_style=&#8221;solid&#8221;][vc_column_text text_direction=&#8221;default&#8221;]\n<h6 style=\"text-align: right;\"><a href=\"https:\/\/www.pexels.com\/photo\/photo-of-people-reaching-each-other-s-hands-4672717\/\">Photo by Anna Shvets<\/a><\/h6>\n[\/vc_column_text][\/vc_column][\/vc_row][vc_row type=&#8221;full_width_background&#8221; full_screen_row_position=&#8221;middle&#8221; column_margin=&#8221;default&#8221; column_direction=&#8221;default&#8221; column_direction_tablet=&#8221;default&#8221; column_direction_phone=&#8221;default&#8221; bg_color=&#8221;#f7f7f7&#8243; scene_position=&#8221;center&#8221; top_padding=&#8221;14%&#8221; constrain_group_1=&#8221;yes&#8221; bottom_padding=&#8221;14%&#8221; text_color=&#8221;dark&#8221; text_align=&#8221;left&#8221; row_border_radius=&#8221;none&#8221; row_border_radius_applies=&#8221;bg&#8221; zindex=&#8221;100&#8243; overflow=&#8221;visible&#8221; id=&#8221;beliefs&#8221; overlay_strength=&#8221;0.3&#8243; gradient_direction=&#8221;left_to_right&#8221; shape_divider_position=&#8221;bottom&#8221; bg_image_animation=&#8221;none&#8221; shape_type=&#8221;&#8221;][vc_column column_padding=&#8221;no-extra-padding&#8221; column_padding_tablet=&#8221;inherit&#8221; column_padding_phone=&#8221;inherit&#8221; column_padding_position=&#8221;all&#8221; column_element_direction_desktop=&#8221;default&#8221; column_element_spacing=&#8221;default&#8221; desktop_text_alignment=&#8221;default&#8221; tablet_text_alignment=&#8221;default&#8221; phone_text_alignment=&#8221;default&#8221; background_color_opacity=&#8221;1&#8243; background_hover_color_opacity=&#8221;1&#8243; column_backdrop_filter=&#8221;none&#8221; column_shadow=&#8221;none&#8221; column_border_radius=&#8221;none&#8221; column_link_target=&#8221;_self&#8221; column_position=&#8221;default&#8221; gradient_direction=&#8221;left_to_right&#8221; overlay_strength=&#8221;0.3&#8243; width=&#8221;1\/1&#8243; tablet_width_inherit=&#8221;default&#8221; animation_type=&#8221;default&#8221; bg_image_animation=&#8221;none&#8221; border_type=&#8221;simple&#8221; column_border_width=&#8221;none&#8221; column_border_style=&#8221;solid&#8221;][nectar_animated_title heading_tag=&#8221;h6&#8243; style=&#8221;color-strip-reveal&#8221; color=&#8221;Accent-Color&#8221; text=&#8221;Un nota personal&#8221;][vc_row_inner column_margin=&#8221;90px&#8221; column_direction=&#8221;default&#8221; column_direction_tablet=&#8221;default&#8221; column_direction_phone=&#8221;default&#8221; bottom_padding=&#8221;5%&#8221; text_align=&#8221;left&#8221; row_position=&#8221;default&#8221; row_position_tablet=&#8221;inherit&#8221; row_position_phone=&#8221;inherit&#8221; overflow=&#8221;visible&#8221; pointer_events=&#8221;all&#8221;][vc_column_inner column_padding=&#8221;padding-2-percent&#8221; column_padding_tablet=&#8221;inherit&#8221; column_padding_phone=&#8221;inherit&#8221; column_padding_position=&#8221;right&#8221; column_element_direction_desktop=&#8221;default&#8221; column_element_spacing=&#8221;default&#8221; desktop_text_alignment=&#8221;default&#8221; tablet_text_alignment=&#8221;default&#8221; phone_text_alignment=&#8221;default&#8221; background_color_opacity=&#8221;1&#8243; background_hover_color_opacity=&#8221;1&#8243; column_backdrop_filter=&#8221;none&#8221; column_shadow=&#8221;none&#8221; column_border_radius=&#8221;none&#8221; column_link_target=&#8221;_self&#8221; overflow=&#8221;visible&#8221; gradient_direction=&#8221;left_to_right&#8221; overlay_strength=&#8221;0.3&#8243; width=&#8221;1\/2&#8243; tablet_width_inherit=&#8221;default&#8221; animation_type=&#8221;default&#8221; bg_image_animation=&#8221;none&#8221; border_type=&#8221;simple&#8221; column_border_width=&#8221;none&#8221; column_border_style=&#8221;solid&#8221;][vc_column_text css=&#8221;.vc_custom_1707758094337{margin-bottom: 20px !important;}&#8221; text_direction=&#8221;default&#8221;]\n<blockquote>\n<h4 style=\"text-align: left;\">Komo un mayor ku su yu a ser diagnostik\u00e1 ku epilepsia, un miembro di famia a ser diagnostik\u00e1 \u00f2f bo mes tin epilepsia, bo ta konstantemente buskando un balansa entre e epilepsia, e atakenan epil\u00e9ptiko i e kosnan ku tin ku sosod\u00e9 diariamente.<\/h4>\n<\/blockquote>\n[\/vc_column_text][vc_column_text text_direction=&#8221;default&#8221;]\n<ul>\n<li>Balansa entre epilepsia i bo bida rutinario di tur dia;<\/li>\n<li>Balansa entre kore e riesgo i hopi biaha e b\u00e8rgwensa si ha\u00f1a un atake epil\u00e9ptiko i asist\u00ed na eventonan p\u00fabliko;<\/li>\n<li>Balansa entre keda bon na tinu i bebe remedi (nan) pa domin\u00e1 atake (nan) epil\u00e9ptiko.<\/li>\n<li>Balansa entre proteh\u00e1 i proteh\u00e1 di mas. Esaki mas tantu ainda pa mayornan ku tin yu p\u00fcber.<\/li>\n<\/ul>\n<p>Asina tin mas puntonan ku mi por menshon\u00e1.<\/p>\n<p>Bida ku epilepsia ta pisa i mas pis\u00e1 ta e karganan sikososial manera stigma, husgamentu, falta di informashon i komprenshon,deskriminashon i empatia.[\/vc_column_text][\/vc_column_inner][vc_column_inner column_padding=&#8221;padding-2-percent&#8221; column_padding_tablet=&#8221;no-extra-padding&#8221; column_padding_phone=&#8221;no-extra-padding&#8221; column_padding_position=&#8221;left&#8221; column_element_direction_desktop=&#8221;default&#8221; column_element_spacing=&#8221;default&#8221; desktop_text_alignment=&#8221;default&#8221; tablet_text_alignment=&#8221;default&#8221; phone_text_alignment=&#8221;default&#8221; background_color_opacity=&#8221;1&#8243; background_hover_color_opacity=&#8221;1&#8243; column_backdrop_filter=&#8221;none&#8221; column_shadow=&#8221;none&#8221; column_border_radius=&#8221;none&#8221; column_link_target=&#8221;_self&#8221; overflow=&#8221;visible&#8221; gradient_direction=&#8221;left_to_right&#8221; overlay_strength=&#8221;0.3&#8243; width=&#8221;1\/2&#8243; tablet_width_inherit=&#8221;default&#8221; animation_type=&#8221;default&#8221; bg_image_animation=&#8221;none&#8221; border_type=&#8221;simple&#8221; column_border_width=&#8221;none&#8221; column_border_style=&#8221;solid&#8221;][vc_column_text text_direction=&#8221;default&#8221;]\n<p style=\"font-weight: 400;\">Mi ta kontentu i gradesido ku mi tabatin Nani huntu ku mi. Kuidando Nani tabata un training balioso i eksperensia den komprondementu di hende i e realisashon kon pis\u00e1 bida di un hende ku epilepsia por ta i tambe pa nan familiarnan mas serkano.<\/p>\n<p style=\"font-weight: 400;\">Huntu, abo i Stichting Epilepsie Curacao, nos por bringa pa un meh\u00f3 kalidat di bida i un partisipashon kompleto pa personanan ku epilepsia den e komunidat di K\u00f2rsou.<\/p>\n<p style=\"font-weight: 400;\">Sinseramente na bo \u00f2rdu,<\/p>\n<p style=\"font-weight: 400;\">Bruna Kwidama.<\/p>\n[\/vc_column_text][nectar_cta btn_style=&#8221;arrow-animation&#8221; heading_tag=&#8221;h5&#8243; button_color=&#8221;default&#8221; text_color=&#8221;#000000&#8243; button_border_thickness=&#8221;0px&#8221; link_type=&#8221;regular&#8221; alignment=&#8221;left&#8221; alignment_tablet=&#8221;default&#8221; alignment_phone=&#8221;default&#8221; display=&#8221;block&#8221; display_tablet=&#8221;inherit&#8221; display_phone=&#8221;inherit&#8221; link_text=&#8221;Kontakt\u00e1 Bruna&#8221; url=&#8221;#&#8221; margin_top=&#8221;30&#8243;][\/vc_column_inner][\/vc_row_inner][vc_row_inner content_placement=&#8221;middle&#8221; column_margin=&#8221;default&#8221; column_direction=&#8221;default&#8221; column_direction_tablet=&#8221;default&#8221; column_direction_phone=&#8221;default&#8221; text_align=&#8221;left&#8221; row_position=&#8221;default&#8221; row_position_tablet=&#8221;inherit&#8221; row_position_phone=&#8221;inherit&#8221; overflow=&#8221;visible&#8221; pointer_events=&#8221;all&#8221;][vc_column_inner column_padding=&#8221;no-extra-padding&#8221; column_padding_tablet=&#8221;inherit&#8221; column_padding_phone=&#8221;inherit&#8221; column_padding_position=&#8221;all&#8221; column_element_direction_desktop=&#8221;default&#8221; column_element_spacing=&#8221;default&#8221; desktop_text_alignment=&#8221;default&#8221; tablet_text_alignment=&#8221;default&#8221; phone_text_alignment=&#8221;default&#8221; background_color_opacity=&#8221;1&#8243; background_hover_color_opacity=&#8221;1&#8243; column_backdrop_filter=&#8221;none&#8221; column_shadow=&#8221;none&#8221; column_border_radius=&#8221;none&#8221; column_link_target=&#8221;_self&#8221; overflow=&#8221;visible&#8221; gradient_direction=&#8221;left_to_right&#8221; overlay_strength=&#8221;0.3&#8243; width=&#8221;1\/1&#8243; tablet_width_inherit=&#8221;default&#8221; animation_type=&#8221;default&#8221; bg_image_animation=&#8221;none&#8221; border_type=&#8221;simple&#8221; column_border_width=&#8221;none&#8221; column_border_style=&#8221;solid&#8221;][nectar_scrolling_text scroll_direction=&#8221;ltr&#8221; scroll_speed=&#8221;slow&#8221; text_color=&#8221;#b5b5b5&#8243; style=&#8221;text_outline&#8221; outline_thickness=&#8221;thin&#8221; outline_applies_to=&#8221;text_only&#8221; text_repeat_number=&#8221;3&#8243; text_repeat_divider=&#8221;none&#8221; overflow=&#8221;hidden&#8221; background_image_url=&#8221;130&#8243; background_image_animation=&#8221;None&#8221; separate_text_coloring=&#8221;true&#8221; text_color_front=&#8221;#ffffff&#8221; scroll_functionality=&#8221;automatic&#8221; custom_font_size=&#8221;15vh&#8221; custom_font_size_mobile=&#8221;11vw&#8221; background_image_height=&#8221;100vh&#8221;]\n<h2>Epilepsy&#8230; you don\u2019t have it alone!<\/h2>\n[\/nectar_scrolling_text][vc_column_text text_direction=&#8221;default&#8221;]\n<h6 style=\"text-align: right;\">Image by <a href=\"https:\/\/www.pexels.com\/photo\/photo-of-people-holding-each-other-s-hands-4672720\/\">Anna Shvets<\/a><\/h6>\n[\/vc_column_text][\/vc_column_inner][\/vc_row_inner][\/vc_column][\/vc_row]\n","protected":false},"excerpt":{"rendered":"<p>[vc_row type=&#8221;in_container&#8221; full_screen_row_position=&#8221;middle&#8221; column_margin=&#8221;default&#8221; column_direction=&#8221;default&#8221; column_direction_tablet=&#8221;default&#8221; column_direction_phone=&#8221;default&#8221; scene_position=&#8221;center&#8221; text_color=&#8221;dark&#8221; text_align=&#8221;left&#8221; row_border_radius=&#8221;none&#8221; row_border_radius_applies=&#8221;bg&#8221; overflow=&#8221;visible&#8221; overlay_strength=&#8221;0.3&#8243; gradient_direction=&#8221;left_to_right&#8221; shape_divider_position=&#8221;bottom&#8221; bg_image_animation=&#8221;none&#8221;][vc_column column_padding=&#8221;no-extra-padding&#8221; column_padding_tablet=&#8221;inherit&#8221; column_padding_phone=&#8221;inherit&#8221; column_padding_position=&#8221;all&#8221; column_element_direction_desktop=&#8221;default&#8221; column_element_spacing=&#8221;default&#8221; desktop_text_alignment=&#8221;default&#8221; tablet_text_alignment=&#8221;default&#8221; phone_text_alignment=&#8221;default&#8221; background_color_opacity=&#8221;1&#8243; background_hover_color_opacity=&#8221;1&#8243; column_backdrop_filter=&#8221;none&#8221; column_shadow=&#8221;none&#8221;&#8230;<\/p>\n","protected":false},"author":1,"featured_media":0,"parent":0,"menu_order":0,"comment_status":"closed","ping_status":"closed","template":"","meta":{"footnotes":""},"class_list":["post-48","page","type-page","status-publish"],"yoast_head":"<!-- This site is optimized with the Yoast SEO plugin v27.4 - https:\/\/yoast.com\/product\/yoast-seo-wordpress\/ -->\n<title>Un nota personal - Stichting Epilepsie Curacao<\/title>\n<meta name=\"robots\" content=\"index, follow, max-snippet:-1, max-image-preview:large, max-video-preview:-1\" \/>\n<link rel=\"canonical\" href=\"https:\/\/stichtingepilepsiecuracao.com\/pap-cw\/un-nota-personal\/\" \/>\n<meta property=\"og:locale\" content=\"en_US\" \/>\n<meta property=\"og:type\" content=\"article\" \/>\n<meta property=\"og:title\" content=\"Un nota personal - Stichting Epilepsie Curacao\" \/>\n<meta property=\"og:description\" content=\"[vc_row type=&#8221;in_container&#8221; full_screen_row_position=&#8221;middle&#8221; column_margin=&#8221;default&#8221; column_direction=&#8221;default&#8221; column_direction_tablet=&#8221;default&#8221; column_direction_phone=&#8221;default&#8221; scene_position=&#8221;center&#8221; text_color=&#8221;dark&#8221; text_align=&#8221;left&#8221; row_border_radius=&#8221;none&#8221; row_border_radius_applies=&#8221;bg&#8221; overflow=&#8221;visible&#8221; overlay_strength=&#8221;0.3&#8243; gradient_direction=&#8221;left_to_right&#8221; shape_divider_position=&#8221;bottom&#8221; bg_image_animation=&#8221;none&#8221;][vc_column column_padding=&#8221;no-extra-padding&#8221; column_padding_tablet=&#8221;inherit&#8221; column_padding_phone=&#8221;inherit&#8221; column_padding_position=&#8221;all&#8221; column_element_direction_desktop=&#8221;default&#8221; column_element_spacing=&#8221;default&#8221; desktop_text_alignment=&#8221;default&#8221; tablet_text_alignment=&#8221;default&#8221; phone_text_alignment=&#8221;default&#8221; background_color_opacity=&#8221;1&#8243; background_hover_color_opacity=&#8221;1&#8243; column_backdrop_filter=&#8221;none&#8221; column_shadow=&#8221;none&#8221;...\" \/>\n<meta property=\"og:url\" content=\"https:\/\/stichtingepilepsiecuracao.com\/pap-cw\/un-nota-personal\/\" \/>\n<meta property=\"og:site_name\" content=\"Stichting Epilepsie Curacao\" \/>\n<meta property=\"article:publisher\" content=\"https:\/\/www.facebook.com\/St.Epilepsia.Curacao\/?locale=nl_NL\" \/>\n<meta property=\"article:modified_time\" content=\"2024-02-12T17:17:41+00:00\" \/>\n<meta name=\"twitter:card\" content=\"summary_large_image\" \/>\n<meta name=\"twitter:label1\" content=\"Est. reading time\" \/>\n\t<meta name=\"twitter:data1\" content=\"3 minutes\" \/>\n<script type=\"application\/ld+json\" class=\"yoast-schema-graph\">{\"@context\":\"https:\\\/\\\/schema.org\",\"@graph\":[{\"@type\":\"WebPage\",\"@id\":\"https:\\\/\\\/stichtingepilepsiecuracao.com\\\/pap-cw\\\/un-nota-personal\\\/\",\"url\":\"https:\\\/\\\/stichtingepilepsiecuracao.com\\\/pap-cw\\\/un-nota-personal\\\/\",\"name\":\"Un nota personal - Stichting Epilepsie Curacao\",\"isPartOf\":{\"@id\":\"https:\\\/\\\/stichtingepilepsiecuracao.com\\\/pap-cw\\\/#website\"},\"datePublished\":\"2024-01-26T15:55:18+00:00\",\"dateModified\":\"2024-02-12T17:17:41+00:00\",\"breadcrumb\":{\"@id\":\"https:\\\/\\\/stichtingepilepsiecuracao.com\\\/pap-cw\\\/un-nota-personal\\\/#breadcrumb\"},\"inLanguage\":\"en\",\"potentialAction\":[{\"@type\":\"ReadAction\",\"target\":[\"https:\\\/\\\/stichtingepilepsiecuracao.com\\\/pap-cw\\\/un-nota-personal\\\/\"]}]},{\"@type\":\"BreadcrumbList\",\"@id\":\"https:\\\/\\\/stichtingepilepsiecuracao.com\\\/pap-cw\\\/un-nota-personal\\\/#breadcrumb\",\"itemListElement\":[{\"@type\":\"ListItem\",\"position\":1,\"name\":\"Home\",\"item\":\"https:\\\/\\\/stichtingepilepsiecuracao.com\\\/pap-cw\\\/\"},{\"@type\":\"ListItem\",\"position\":2,\"name\":\"Un nota personal\"}]},{\"@type\":\"WebSite\",\"@id\":\"https:\\\/\\\/stichtingepilepsiecuracao.com\\\/pap-cw\\\/#website\",\"url\":\"https:\\\/\\\/stichtingepilepsiecuracao.com\\\/pap-cw\\\/\",\"name\":\"Stichting Epilepsie Curacao\",\"description\":\"&quot;Na&iuml;ria Winkelaar&quot;\",\"publisher\":{\"@id\":\"https:\\\/\\\/stichtingepilepsiecuracao.com\\\/pap-cw\\\/#organization\"},\"potentialAction\":[{\"@type\":\"SearchAction\",\"target\":{\"@type\":\"EntryPoint\",\"urlTemplate\":\"https:\\\/\\\/stichtingepilepsiecuracao.com\\\/pap-cw\\\/?s={search_term_string}\"},\"query-input\":{\"@type\":\"PropertyValueSpecification\",\"valueRequired\":true,\"valueName\":\"search_term_string\"}}],\"inLanguage\":\"en\"},{\"@type\":\"Organization\",\"@id\":\"https:\\\/\\\/stichtingepilepsiecuracao.com\\\/pap-cw\\\/#organization\",\"name\":\"Stichting Epilepsie Curacao\",\"url\":\"https:\\\/\\\/stichtingepilepsiecuracao.com\\\/pap-cw\\\/\",\"logo\":{\"@type\":\"ImageObject\",\"inLanguage\":\"en\",\"@id\":\"https:\\\/\\\/stichtingepilepsiecuracao.com\\\/pap-cw\\\/#\\\/schema\\\/logo\\\/image\\\/\",\"url\":\"http:\\\/\\\/stichtingepilepsiecuracao.com\\\/pap-cw\\\/wp-content\\\/uploads\\\/2024\\\/01\\\/SEC-beeldmerk-PNG.png\",\"contentUrl\":\"http:\\\/\\\/stichtingepilepsiecuracao.com\\\/pap-cw\\\/wp-content\\\/uploads\\\/2024\\\/01\\\/SEC-beeldmerk-PNG.png\",\"width\":1507,\"height\":1507,\"caption\":\"Stichting Epilepsie Curacao\"},\"image\":{\"@id\":\"https:\\\/\\\/stichtingepilepsiecuracao.com\\\/pap-cw\\\/#\\\/schema\\\/logo\\\/image\\\/\"},\"sameAs\":[\"https:\\\/\\\/www.facebook.com\\\/St.Epilepsia.Curacao\\\/?locale=nl_NL\"]}]}<\/script>\n<!-- \/ Yoast SEO plugin. -->","yoast_head_json":{"title":"Un nota personal - Stichting Epilepsie Curacao","robots":{"index":"index","follow":"follow","max-snippet":"max-snippet:-1","max-image-preview":"max-image-preview:large","max-video-preview":"max-video-preview:-1"},"canonical":"https:\/\/stichtingepilepsiecuracao.com\/pap-cw\/un-nota-personal\/","og_locale":"en_US","og_type":"article","og_title":"Un nota personal - Stichting Epilepsie Curacao","og_description":"[vc_row type=&#8221;in_container&#8221; full_screen_row_position=&#8221;middle&#8221; column_margin=&#8221;default&#8221; column_direction=&#8221;default&#8221; column_direction_tablet=&#8221;default&#8221; column_direction_phone=&#8221;default&#8221; scene_position=&#8221;center&#8221; text_color=&#8221;dark&#8221; text_align=&#8221;left&#8221; row_border_radius=&#8221;none&#8221; row_border_radius_applies=&#8221;bg&#8221; overflow=&#8221;visible&#8221; overlay_strength=&#8221;0.3&#8243; gradient_direction=&#8221;left_to_right&#8221; shape_divider_position=&#8221;bottom&#8221; bg_image_animation=&#8221;none&#8221;][vc_column column_padding=&#8221;no-extra-padding&#8221; column_padding_tablet=&#8221;inherit&#8221; column_padding_phone=&#8221;inherit&#8221; column_padding_position=&#8221;all&#8221; column_element_direction_desktop=&#8221;default&#8221; column_element_spacing=&#8221;default&#8221; desktop_text_alignment=&#8221;default&#8221; tablet_text_alignment=&#8221;default&#8221; phone_text_alignment=&#8221;default&#8221; background_color_opacity=&#8221;1&#8243; background_hover_color_opacity=&#8221;1&#8243; column_backdrop_filter=&#8221;none&#8221; column_shadow=&#8221;none&#8221;...","og_url":"https:\/\/stichtingepilepsiecuracao.com\/pap-cw\/un-nota-personal\/","og_site_name":"Stichting Epilepsie Curacao","article_publisher":"https:\/\/www.facebook.com\/St.Epilepsia.Curacao\/?locale=nl_NL","article_modified_time":"2024-02-12T17:17:41+00:00","twitter_card":"summary_large_image","twitter_misc":{"Est. reading time":"3 minutes"},"schema":{"@context":"https:\/\/schema.org","@graph":[{"@type":"WebPage","@id":"https:\/\/stichtingepilepsiecuracao.com\/pap-cw\/un-nota-personal\/","url":"https:\/\/stichtingepilepsiecuracao.com\/pap-cw\/un-nota-personal\/","name":"Un nota personal - Stichting Epilepsie Curacao","isPartOf":{"@id":"https:\/\/stichtingepilepsiecuracao.com\/pap-cw\/#website"},"datePublished":"2024-01-26T15:55:18+00:00","dateModified":"2024-02-12T17:17:41+00:00","breadcrumb":{"@id":"https:\/\/stichtingepilepsiecuracao.com\/pap-cw\/un-nota-personal\/#breadcrumb"},"inLanguage":"en","potentialAction":[{"@type":"ReadAction","target":["https:\/\/stichtingepilepsiecuracao.com\/pap-cw\/un-nota-personal\/"]}]},{"@type":"BreadcrumbList","@id":"https:\/\/stichtingepilepsiecuracao.com\/pap-cw\/un-nota-personal\/#breadcrumb","itemListElement":[{"@type":"ListItem","position":1,"name":"Home","item":"https:\/\/stichtingepilepsiecuracao.com\/pap-cw\/"},{"@type":"ListItem","position":2,"name":"Un nota personal"}]},{"@type":"WebSite","@id":"https:\/\/stichtingepilepsiecuracao.com\/pap-cw\/#website","url":"https:\/\/stichtingepilepsiecuracao.com\/pap-cw\/","name":"Stichting Epilepsie Curacao","description":"&quot;Na&iuml;ria Winkelaar&quot;","publisher":{"@id":"https:\/\/stichtingepilepsiecuracao.com\/pap-cw\/#organization"},"potentialAction":[{"@type":"SearchAction","target":{"@type":"EntryPoint","urlTemplate":"https:\/\/stichtingepilepsiecuracao.com\/pap-cw\/?s={search_term_string}"},"query-input":{"@type":"PropertyValueSpecification","valueRequired":true,"valueName":"search_term_string"}}],"inLanguage":"en"},{"@type":"Organization","@id":"https:\/\/stichtingepilepsiecuracao.com\/pap-cw\/#organization","name":"Stichting Epilepsie Curacao","url":"https:\/\/stichtingepilepsiecuracao.com\/pap-cw\/","logo":{"@type":"ImageObject","inLanguage":"en","@id":"https:\/\/stichtingepilepsiecuracao.com\/pap-cw\/#\/schema\/logo\/image\/","url":"http:\/\/stichtingepilepsiecuracao.com\/pap-cw\/wp-content\/uploads\/2024\/01\/SEC-beeldmerk-PNG.png","contentUrl":"http:\/\/stichtingepilepsiecuracao.com\/pap-cw\/wp-content\/uploads\/2024\/01\/SEC-beeldmerk-PNG.png","width":1507,"height":1507,"caption":"Stichting Epilepsie Curacao"},"image":{"@id":"https:\/\/stichtingepilepsiecuracao.com\/pap-cw\/#\/schema\/logo\/image\/"},"sameAs":["https:\/\/www.facebook.com\/St.Epilepsia.Curacao\/?locale=nl_NL"]}]}},"_links":{"self":[{"href":"https:\/\/stichtingepilepsiecuracao.com\/pap-cw\/wp-json\/wp\/v2\/pages\/48","targetHints":{"allow":["GET"]}}],"collection":[{"href":"https:\/\/stichtingepilepsiecuracao.com\/pap-cw\/wp-json\/wp\/v2\/pages"}],"about":[{"href":"https:\/\/stichtingepilepsiecuracao.com\/pap-cw\/wp-json\/wp\/v2\/types\/page"}],"author":[{"embeddable":true,"href":"https:\/\/stichtingepilepsiecuracao.com\/pap-cw\/wp-json\/wp\/v2\/users\/1"}],"replies":[{"embeddable":true,"href":"https:\/\/stichtingepilepsiecuracao.com\/pap-cw\/wp-json\/wp\/v2\/comments?post=48"}],"version-history":[{"count":30,"href":"https:\/\/stichtingepilepsiecuracao.com\/pap-cw\/wp-json\/wp\/v2\/pages\/48\/revisions"}],"predecessor-version":[{"id":67,"href":"https:\/\/stichtingepilepsiecuracao.com\/pap-cw\/wp-json\/wp\/v2\/pages\/48\/revisions\/67"}],"wp:attachment":[{"href":"https:\/\/stichtingepilepsiecuracao.com\/pap-cw\/wp-json\/wp\/v2\/media?parent=48"}],"curies":[{"name":"wp","href":"https:\/\/api.w.org\/{rel}","templated":true}]}}