{"id":61,"date":"2024-01-26T15:57:44","date_gmt":"2024-01-26T15:57:44","guid":{"rendered":"http:\/\/stichtingepilepsiecuracao.com\/pap-cw\/?page_id=61"},"modified":"2024-02-13T07:49:18","modified_gmt":"2024-02-13T07:49:18","slug":"nos-mision","status":"publish","type":"page","link":"https:\/\/stichtingepilepsiecuracao.com\/pap-cw\/nos-mision\/","title":{"rendered":"Nos Misi\u00f3n"},"content":{"rendered":"[vc_row type=&#8221;in_container&#8221; full_screen_row_position=&#8221;middle&#8221; column_margin=&#8221;default&#8221; column_direction=&#8221;default&#8221; column_direction_tablet=&#8221;default&#8221; column_direction_phone=&#8221;default&#8221; scene_position=&#8221;center&#8221; text_color=&#8221;dark&#8221; text_align=&#8221;left&#8221; row_border_radius=&#8221;none&#8221; row_border_radius_applies=&#8221;bg&#8221; overflow=&#8221;visible&#8221; overlay_strength=&#8221;0.3&#8243; gradient_direction=&#8221;left_to_right&#8221; shape_divider_position=&#8221;bottom&#8221; bg_image_animation=&#8221;none&#8221;][vc_column column_padding=&#8221;no-extra-padding&#8221; column_padding_tablet=&#8221;inherit&#8221; column_padding_phone=&#8221;inherit&#8221; column_padding_position=&#8221;all&#8221; column_element_direction_desktop=&#8221;default&#8221; column_element_spacing=&#8221;default&#8221; desktop_text_alignment=&#8221;default&#8221; tablet_text_alignment=&#8221;default&#8221; phone_text_alignment=&#8221;default&#8221; background_color_opacity=&#8221;1&#8243; background_hover_color_opacity=&#8221;1&#8243; column_backdrop_filter=&#8221;none&#8221; column_shadow=&#8221;none&#8221; column_border_radius=&#8221;none&#8221; column_link_target=&#8221;_self&#8221; column_position=&#8221;default&#8221; gradient_direction=&#8221;left_to_right&#8221; overlay_strength=&#8221;0.3&#8243; width=&#8221;1\/1&#8243; tablet_width_inherit=&#8221;default&#8221; animation_type=&#8221;default&#8221; bg_image_animation=&#8221;none&#8221; border_type=&#8221;simple&#8221; column_border_width=&#8221;none&#8221; column_border_style=&#8221;solid&#8221;][vc_column_text text_direction=&#8221;default&#8221;]\n<h6 style=\"text-align: right;\"><a href=\"https:\/\/www.pexels.com\/photo\/close-up-of-people-bumping-fists-6146704\/\">Photo by Diva Plavalaguna<\/a><\/h6>\n[\/vc_column_text][\/vc_column][\/vc_row][vc_row type=&#8221;full_width_background&#8221; full_screen_row_position=&#8221;middle&#8221; column_margin=&#8221;none&#8221; equal_height=&#8221;yes&#8221; content_placement=&#8221;middle&#8221; column_direction=&#8221;default&#8221; column_direction_tablet=&#8221;default&#8221; column_direction_phone=&#8221;default&#8221; scene_position=&#8221;center&#8221; top_padding=&#8221;6%&#8221; bottom_padding=&#8221;6%&#8221; text_color=&#8221;dark&#8221; text_align=&#8221;left&#8221; row_border_radius=&#8221;none&#8221; row_border_radius_applies=&#8221;bg&#8221; overflow=&#8221;visible&#8221; overlay_strength=&#8221;0.3&#8243; gradient_direction=&#8221;left_to_right&#8221; shape_divider_position=&#8221;bottom&#8221; bg_image_animation=&#8221;none&#8221; shape_type=&#8221;&#8221; gradient_type=&#8221;default&#8221;][vc_column column_padding=&#8221;no-extra-padding&#8221; column_padding_tablet=&#8221;inherit&#8221; column_padding_phone=&#8221;inherit&#8221; column_padding_position=&#8221;all&#8221; column_element_direction_desktop=&#8221;default&#8221; column_element_spacing=&#8221;default&#8221; desktop_text_alignment=&#8221;default&#8221; tablet_text_alignment=&#8221;default&#8221; phone_text_alignment=&#8221;default&#8221; background_color_opacity=&#8221;1&#8243; background_hover_color_opacity=&#8221;1&#8243; column_backdrop_filter=&#8221;none&#8221; column_shadow=&#8221;none&#8221; column_border_radius=&#8221;none&#8221; column_link_target=&#8221;_self&#8221; column_position=&#8221;default&#8221; gradient_direction=&#8221;left_to_right&#8221; overlay_strength=&#8221;0.3&#8243; width=&#8221;7\/12&#8243; tablet_width_inherit=&#8221;default&#8221; animation_type=&#8221;default&#8221; bg_image_animation=&#8221;none&#8221; border_type=&#8221;simple&#8221; column_border_width=&#8221;none&#8221; column_border_style=&#8221;solid&#8221; column_padding_type=&#8221;default&#8221; gradient_type=&#8221;default&#8221;][nectar_animated_title heading_tag=&#8221;h6&#8243; style=&#8221;color-strip-reveal&#8221; color=&#8221;Accent-Color&#8221; text=&#8221;Nos Misi\u00f3n&#8221;][vc_row_inner column_margin=&#8221;default&#8221; column_direction=&#8221;default&#8221; column_direction_tablet=&#8221;default&#8221; column_direction_phone=&#8221;default&#8221; text_align=&#8221;left&#8221; row_position=&#8221;default&#8221; row_position_tablet=&#8221;inherit&#8221; row_position_phone=&#8221;inherit&#8221; overflow=&#8221;visible&#8221; pointer_events=&#8221;all&#8221;][vc_column_inner column_padding=&#8221;no-extra-padding&#8221; column_padding_tablet=&#8221;inherit&#8221; column_padding_phone=&#8221;inherit&#8221; column_padding_position=&#8221;all&#8221; column_element_direction_desktop=&#8221;default&#8221; column_element_spacing=&#8221;default&#8221; desktop_text_alignment=&#8221;default&#8221; tablet_text_alignment=&#8221;default&#8221; phone_text_alignment=&#8221;default&#8221; background_color_opacity=&#8221;1&#8243; background_hover_color_opacity=&#8221;1&#8243; column_backdrop_filter=&#8221;none&#8221; column_shadow=&#8221;none&#8221; column_border_radius=&#8221;none&#8221; column_link_target=&#8221;_self&#8221; overflow=&#8221;visible&#8221; gradient_direction=&#8221;left_to_right&#8221; overlay_strength=&#8221;0.3&#8243; width=&#8221;1\/1&#8243; tablet_width_inherit=&#8221;default&#8221; animation_type=&#8221;default&#8221; enable_animation=&#8221;true&#8221; animation=&#8221;fade-in-from-bottom&#8221; animation_easing=&#8221;default&#8221; bg_image_animation=&#8221;none&#8221; border_type=&#8221;simple&#8221; column_border_width=&#8221;none&#8221; column_border_style=&#8221;solid&#8221; offset=&#8221;vc_col-lg-11 vc_col-md-11 vc_col-xs-12&#8243;][vc_column_text css=&#8221;.vc_custom_1707757461075{margin-bottom: 20px !important;}&#8221; text_direction=&#8221;default&#8221;]\n<blockquote>\n<h4 style=\"text-align: left;\">Pa otorg\u00e1 individuonan afekt\u00e1 pa epilepsia, nan famianan, i komunidatnan, atrabes di edukashon, sosten, i abogashon. Nos mishon ta pa amplia\/mehor\u00e1 konosementu tokante epilepsia, stimul\u00e1 investigashon, i brinda rekursonan pa stimul\u00e1 un sosiedat kaminda esnan ku ta biba ku epilepsia por tin un kualidat di bida na nan alkanse, kompleto i digno, liber di stigmanan i bareranan.<\/h4>\n<\/blockquote>\n[\/vc_column_text][vc_column_text text_direction=&#8221;default&#8221;]Mester ta posibel pa tur persona ku ser konfront\u00e1 ku epilepsia por tin den su man tur informashon nesesario pa e por sa kon pa maneh\u00e1 su bida ku epilepsia.[\/vc_column_text][\/vc_column_inner][\/vc_row_inner][\/vc_column][vc_column column_padding=&#8221;no-extra-padding&#8221; column_padding_tablet=&#8221;inherit&#8221; column_padding_phone=&#8221;inherit&#8221; column_padding_position=&#8221;all&#8221; column_element_direction_desktop=&#8221;default&#8221; column_element_spacing=&#8221;default&#8221; desktop_text_alignment=&#8221;default&#8221; tablet_text_alignment=&#8221;default&#8221; phone_text_alignment=&#8221;default&#8221; background_color_opacity=&#8221;1&#8243; background_hover_color_opacity=&#8221;1&#8243; column_backdrop_filter=&#8221;none&#8221; column_shadow=&#8221;none&#8221; column_border_radius=&#8221;none&#8221; column_link_target=&#8221;_self&#8221; column_position=&#8221;default&#8221; gradient_direction=&#8221;left_to_right&#8221; overlay_strength=&#8221;0.3&#8243; width=&#8221;5\/12&#8243; tablet_width_inherit=&#8221;default&#8221; animation_type=&#8221;default&#8221; bg_image_animation=&#8221;none&#8221; border_type=&#8221;simple&#8221; column_border_width=&#8221;none&#8221; column_border_style=&#8221;solid&#8221;][vc_row_inner column_margin=&#8221;default&#8221; column_direction=&#8221;default&#8221; column_direction_tablet=&#8221;default&#8221; column_direction_phone=&#8221;default&#8221; text_align=&#8221;left&#8221; row_position=&#8221;default&#8221; row_position_tablet=&#8221;inherit&#8221; row_position_phone=&#8221;inherit&#8221; overflow=&#8221;visible&#8221; pointer_events=&#8221;all&#8221;][vc_column_inner column_padding=&#8221;no-extra-padding&#8221; column_padding_tablet=&#8221;inherit&#8221; column_padding_phone=&#8221;inherit&#8221; column_padding_position=&#8221;all&#8221; column_element_direction_desktop=&#8221;default&#8221; column_element_spacing=&#8221;default&#8221; desktop_text_alignment=&#8221;default&#8221; tablet_text_alignment=&#8221;default&#8221; phone_text_alignment=&#8221;default&#8221; background_color_opacity=&#8221;1&#8243; background_hover_color_opacity=&#8221;1&#8243; column_backdrop_filter=&#8221;none&#8221; column_shadow=&#8221;none&#8221; column_border_radius=&#8221;none&#8221; column_link_target=&#8221;_self&#8221; overflow=&#8221;visible&#8221; gradient_direction=&#8221;left_to_right&#8221; overlay_strength=&#8221;0.3&#8243; width=&#8221;1\/1&#8243; tablet_width_inherit=&#8221;default&#8221; animation_type=&#8221;default&#8221; bg_image_animation=&#8221;none&#8221; border_type=&#8221;simple&#8221; column_border_width=&#8221;none&#8221; column_border_style=&#8221;solid&#8221;][nectar_rotating_words_title heading_tag=&#8221;h3&#8243; beginning_text=&#8221;Nos ta para pa&#8221; dynamic_text=&#8221;conciencia, investigashon, kalidat di bida&#8221; duration=&#8221;2000&#8243; dynamic_heading_tag=&#8221;default&#8221; element_animation=&#8221;none&#8221; mobile_display=&#8221;inline&#8221; text_direction=&#8221;default&#8221; font_size=&#8221;4vw&#8221;][\/vc_column_inner][\/vc_row_inner][\/vc_column][\/vc_row]\n","protected":false},"excerpt":{"rendered":"<p>[vc_row type=&#8221;in_container&#8221; full_screen_row_position=&#8221;middle&#8221; column_margin=&#8221;default&#8221; column_direction=&#8221;default&#8221; column_direction_tablet=&#8221;default&#8221; column_direction_phone=&#8221;default&#8221; scene_position=&#8221;center&#8221; text_color=&#8221;dark&#8221; text_align=&#8221;left&#8221; row_border_radius=&#8221;none&#8221; row_border_radius_applies=&#8221;bg&#8221; overflow=&#8221;visible&#8221; overlay_strength=&#8221;0.3&#8243; gradient_direction=&#8221;left_to_right&#8221; shape_divider_position=&#8221;bottom&#8221; bg_image_animation=&#8221;none&#8221;][vc_column column_padding=&#8221;no-extra-padding&#8221; column_padding_tablet=&#8221;inherit&#8221; column_padding_phone=&#8221;inherit&#8221; column_padding_position=&#8221;all&#8221; column_element_direction_desktop=&#8221;default&#8221; column_element_spacing=&#8221;default&#8221; desktop_text_alignment=&#8221;default&#8221; tablet_text_alignment=&#8221;default&#8221; phone_text_alignment=&#8221;default&#8221; background_color_opacity=&#8221;1&#8243; background_hover_color_opacity=&#8221;1&#8243; column_backdrop_filter=&#8221;none&#8221; column_shadow=&#8221;none&#8221;&#8230;<\/p>\n","protected":false},"author":1,"featured_media":0,"parent":0,"menu_order":0,"comment_status":"closed","ping_status":"closed","template":"","meta":{"footnotes":""},"class_list":["post-61","page","type-page","status-publish"],"yoast_head":"<!-- This site is optimized with the Yoast SEO plugin v27.4 - https:\/\/yoast.com\/product\/yoast-seo-wordpress\/ -->\n<title>Nos Misi\u00f3n - Stichting Epilepsie Curacao<\/title>\n<meta name=\"robots\" content=\"index, follow, max-snippet:-1, max-image-preview:large, max-video-preview:-1\" \/>\n<link rel=\"canonical\" href=\"https:\/\/stichtingepilepsiecuracao.com\/pap-cw\/nos-mision\/\" \/>\n<meta property=\"og:locale\" content=\"en_US\" \/>\n<meta property=\"og:type\" content=\"article\" \/>\n<meta property=\"og:title\" content=\"Nos Misi\u00f3n - Stichting Epilepsie Curacao\" \/>\n<meta property=\"og:description\" content=\"[vc_row type=&#8221;in_container&#8221; full_screen_row_position=&#8221;middle&#8221; column_margin=&#8221;default&#8221; column_direction=&#8221;default&#8221; column_direction_tablet=&#8221;default&#8221; column_direction_phone=&#8221;default&#8221; scene_position=&#8221;center&#8221; text_color=&#8221;dark&#8221; text_align=&#8221;left&#8221; row_border_radius=&#8221;none&#8221; row_border_radius_applies=&#8221;bg&#8221; overflow=&#8221;visible&#8221; overlay_strength=&#8221;0.3&#8243; gradient_direction=&#8221;left_to_right&#8221; shape_divider_position=&#8221;bottom&#8221; bg_image_animation=&#8221;none&#8221;][vc_column column_padding=&#8221;no-extra-padding&#8221; column_padding_tablet=&#8221;inherit&#8221; column_padding_phone=&#8221;inherit&#8221; column_padding_position=&#8221;all&#8221; column_element_direction_desktop=&#8221;default&#8221; column_element_spacing=&#8221;default&#8221; desktop_text_alignment=&#8221;default&#8221; tablet_text_alignment=&#8221;default&#8221; phone_text_alignment=&#8221;default&#8221; background_color_opacity=&#8221;1&#8243; background_hover_color_opacity=&#8221;1&#8243; column_backdrop_filter=&#8221;none&#8221; column_shadow=&#8221;none&#8221;...\" \/>\n<meta property=\"og:url\" content=\"https:\/\/stichtingepilepsiecuracao.com\/pap-cw\/nos-mision\/\" \/>\n<meta property=\"og:site_name\" content=\"Stichting Epilepsie Curacao\" \/>\n<meta property=\"article:publisher\" content=\"https:\/\/www.facebook.com\/St.Epilepsia.Curacao\/?locale=nl_NL\" \/>\n<meta property=\"article:modified_time\" content=\"2024-02-13T07:49:18+00:00\" \/>\n<meta name=\"twitter:card\" content=\"summary_large_image\" \/>\n<meta name=\"twitter:label1\" content=\"Est. reading time\" \/>\n\t<meta name=\"twitter:data1\" content=\"2 minutes\" \/>\n<script type=\"application\/ld+json\" class=\"yoast-schema-graph\">{\"@context\":\"https:\\\/\\\/schema.org\",\"@graph\":[{\"@type\":\"WebPage\",\"@id\":\"https:\\\/\\\/stichtingepilepsiecuracao.com\\\/pap-cw\\\/nos-mision\\\/\",\"url\":\"https:\\\/\\\/stichtingepilepsiecuracao.com\\\/pap-cw\\\/nos-mision\\\/\",\"name\":\"Nos Misi\u00f3n - Stichting Epilepsie Curacao\",\"isPartOf\":{\"@id\":\"https:\\\/\\\/stichtingepilepsiecuracao.com\\\/pap-cw\\\/#website\"},\"datePublished\":\"2024-01-26T15:57:44+00:00\",\"dateModified\":\"2024-02-13T07:49:18+00:00\",\"breadcrumb\":{\"@id\":\"https:\\\/\\\/stichtingepilepsiecuracao.com\\\/pap-cw\\\/nos-mision\\\/#breadcrumb\"},\"inLanguage\":\"en\",\"potentialAction\":[{\"@type\":\"ReadAction\",\"target\":[\"https:\\\/\\\/stichtingepilepsiecuracao.com\\\/pap-cw\\\/nos-mision\\\/\"]}]},{\"@type\":\"BreadcrumbList\",\"@id\":\"https:\\\/\\\/stichtingepilepsiecuracao.com\\\/pap-cw\\\/nos-mision\\\/#breadcrumb\",\"itemListElement\":[{\"@type\":\"ListItem\",\"position\":1,\"name\":\"Home\",\"item\":\"https:\\\/\\\/stichtingepilepsiecuracao.com\\\/pap-cw\\\/\"},{\"@type\":\"ListItem\",\"position\":2,\"name\":\"Nos Misi\u00f3n\"}]},{\"@type\":\"WebSite\",\"@id\":\"https:\\\/\\\/stichtingepilepsiecuracao.com\\\/pap-cw\\\/#website\",\"url\":\"https:\\\/\\\/stichtingepilepsiecuracao.com\\\/pap-cw\\\/\",\"name\":\"Stichting Epilepsie Curacao\",\"description\":\"&quot;Na&iuml;ria Winkelaar&quot;\",\"publisher\":{\"@id\":\"https:\\\/\\\/stichtingepilepsiecuracao.com\\\/pap-cw\\\/#organization\"},\"potentialAction\":[{\"@type\":\"SearchAction\",\"target\":{\"@type\":\"EntryPoint\",\"urlTemplate\":\"https:\\\/\\\/stichtingepilepsiecuracao.com\\\/pap-cw\\\/?s={search_term_string}\"},\"query-input\":{\"@type\":\"PropertyValueSpecification\",\"valueRequired\":true,\"valueName\":\"search_term_string\"}}],\"inLanguage\":\"en\"},{\"@type\":\"Organization\",\"@id\":\"https:\\\/\\\/stichtingepilepsiecuracao.com\\\/pap-cw\\\/#organization\",\"name\":\"Stichting Epilepsie Curacao\",\"url\":\"https:\\\/\\\/stichtingepilepsiecuracao.com\\\/pap-cw\\\/\",\"logo\":{\"@type\":\"ImageObject\",\"inLanguage\":\"en\",\"@id\":\"https:\\\/\\\/stichtingepilepsiecuracao.com\\\/pap-cw\\\/#\\\/schema\\\/logo\\\/image\\\/\",\"url\":\"http:\\\/\\\/stichtingepilepsiecuracao.com\\\/pap-cw\\\/wp-content\\\/uploads\\\/2024\\\/01\\\/SEC-beeldmerk-PNG.png\",\"contentUrl\":\"http:\\\/\\\/stichtingepilepsiecuracao.com\\\/pap-cw\\\/wp-content\\\/uploads\\\/2024\\\/01\\\/SEC-beeldmerk-PNG.png\",\"width\":1507,\"height\":1507,\"caption\":\"Stichting Epilepsie Curacao\"},\"image\":{\"@id\":\"https:\\\/\\\/stichtingepilepsiecuracao.com\\\/pap-cw\\\/#\\\/schema\\\/logo\\\/image\\\/\"},\"sameAs\":[\"https:\\\/\\\/www.facebook.com\\\/St.Epilepsia.Curacao\\\/?locale=nl_NL\"]}]}<\/script>\n<!-- \/ Yoast SEO plugin. -->","yoast_head_json":{"title":"Nos Misi\u00f3n - Stichting Epilepsie Curacao","robots":{"index":"index","follow":"follow","max-snippet":"max-snippet:-1","max-image-preview":"max-image-preview:large","max-video-preview":"max-video-preview:-1"},"canonical":"https:\/\/stichtingepilepsiecuracao.com\/pap-cw\/nos-mision\/","og_locale":"en_US","og_type":"article","og_title":"Nos Misi\u00f3n - Stichting Epilepsie Curacao","og_description":"[vc_row type=&#8221;in_container&#8221; full_screen_row_position=&#8221;middle&#8221; column_margin=&#8221;default&#8221; column_direction=&#8221;default&#8221; column_direction_tablet=&#8221;default&#8221; column_direction_phone=&#8221;default&#8221; scene_position=&#8221;center&#8221; text_color=&#8221;dark&#8221; text_align=&#8221;left&#8221; row_border_radius=&#8221;none&#8221; row_border_radius_applies=&#8221;bg&#8221; overflow=&#8221;visible&#8221; overlay_strength=&#8221;0.3&#8243; gradient_direction=&#8221;left_to_right&#8221; shape_divider_position=&#8221;bottom&#8221; bg_image_animation=&#8221;none&#8221;][vc_column column_padding=&#8221;no-extra-padding&#8221; column_padding_tablet=&#8221;inherit&#8221; column_padding_phone=&#8221;inherit&#8221; column_padding_position=&#8221;all&#8221; column_element_direction_desktop=&#8221;default&#8221; column_element_spacing=&#8221;default&#8221; desktop_text_alignment=&#8221;default&#8221; tablet_text_alignment=&#8221;default&#8221; phone_text_alignment=&#8221;default&#8221; background_color_opacity=&#8221;1&#8243; background_hover_color_opacity=&#8221;1&#8243; column_backdrop_filter=&#8221;none&#8221; column_shadow=&#8221;none&#8221;...","og_url":"https:\/\/stichtingepilepsiecuracao.com\/pap-cw\/nos-mision\/","og_site_name":"Stichting Epilepsie Curacao","article_publisher":"https:\/\/www.facebook.com\/St.Epilepsia.Curacao\/?locale=nl_NL","article_modified_time":"2024-02-13T07:49:18+00:00","twitter_card":"summary_large_image","twitter_misc":{"Est. reading time":"2 minutes"},"schema":{"@context":"https:\/\/schema.org","@graph":[{"@type":"WebPage","@id":"https:\/\/stichtingepilepsiecuracao.com\/pap-cw\/nos-mision\/","url":"https:\/\/stichtingepilepsiecuracao.com\/pap-cw\/nos-mision\/","name":"Nos Misi\u00f3n - Stichting Epilepsie Curacao","isPartOf":{"@id":"https:\/\/stichtingepilepsiecuracao.com\/pap-cw\/#website"},"datePublished":"2024-01-26T15:57:44+00:00","dateModified":"2024-02-13T07:49:18+00:00","breadcrumb":{"@id":"https:\/\/stichtingepilepsiecuracao.com\/pap-cw\/nos-mision\/#breadcrumb"},"inLanguage":"en","potentialAction":[{"@type":"ReadAction","target":["https:\/\/stichtingepilepsiecuracao.com\/pap-cw\/nos-mision\/"]}]},{"@type":"BreadcrumbList","@id":"https:\/\/stichtingepilepsiecuracao.com\/pap-cw\/nos-mision\/#breadcrumb","itemListElement":[{"@type":"ListItem","position":1,"name":"Home","item":"https:\/\/stichtingepilepsiecuracao.com\/pap-cw\/"},{"@type":"ListItem","position":2,"name":"Nos Misi\u00f3n"}]},{"@type":"WebSite","@id":"https:\/\/stichtingepilepsiecuracao.com\/pap-cw\/#website","url":"https:\/\/stichtingepilepsiecuracao.com\/pap-cw\/","name":"Stichting Epilepsie Curacao","description":"&quot;Na&iuml;ria Winkelaar&quot;","publisher":{"@id":"https:\/\/stichtingepilepsiecuracao.com\/pap-cw\/#organization"},"potentialAction":[{"@type":"SearchAction","target":{"@type":"EntryPoint","urlTemplate":"https:\/\/stichtingepilepsiecuracao.com\/pap-cw\/?s={search_term_string}"},"query-input":{"@type":"PropertyValueSpecification","valueRequired":true,"valueName":"search_term_string"}}],"inLanguage":"en"},{"@type":"Organization","@id":"https:\/\/stichtingepilepsiecuracao.com\/pap-cw\/#organization","name":"Stichting Epilepsie Curacao","url":"https:\/\/stichtingepilepsiecuracao.com\/pap-cw\/","logo":{"@type":"ImageObject","inLanguage":"en","@id":"https:\/\/stichtingepilepsiecuracao.com\/pap-cw\/#\/schema\/logo\/image\/","url":"http:\/\/stichtingepilepsiecuracao.com\/pap-cw\/wp-content\/uploads\/2024\/01\/SEC-beeldmerk-PNG.png","contentUrl":"http:\/\/stichtingepilepsiecuracao.com\/pap-cw\/wp-content\/uploads\/2024\/01\/SEC-beeldmerk-PNG.png","width":1507,"height":1507,"caption":"Stichting Epilepsie Curacao"},"image":{"@id":"https:\/\/stichtingepilepsiecuracao.com\/pap-cw\/#\/schema\/logo\/image\/"},"sameAs":["https:\/\/www.facebook.com\/St.Epilepsia.Curacao\/?locale=nl_NL"]}]}},"_links":{"self":[{"href":"https:\/\/stichtingepilepsiecuracao.com\/pap-cw\/wp-json\/wp\/v2\/pages\/61","targetHints":{"allow":["GET"]}}],"collection":[{"href":"https:\/\/stichtingepilepsiecuracao.com\/pap-cw\/wp-json\/wp\/v2\/pages"}],"about":[{"href":"https:\/\/stichtingepilepsiecuracao.com\/pap-cw\/wp-json\/wp\/v2\/types\/page"}],"author":[{"embeddable":true,"href":"https:\/\/stichtingepilepsiecuracao.com\/pap-cw\/wp-json\/wp\/v2\/users\/1"}],"replies":[{"embeddable":true,"href":"https:\/\/stichtingepilepsiecuracao.com\/pap-cw\/wp-json\/wp\/v2\/comments?post=61"}],"version-history":[{"count":39,"href":"https:\/\/stichtingepilepsiecuracao.com\/pap-cw\/wp-json\/wp\/v2\/pages\/61\/revisions"}],"predecessor-version":[{"id":496,"href":"https:\/\/stichtingepilepsiecuracao.com\/pap-cw\/wp-json\/wp\/v2\/pages\/61\/revisions\/496"}],"wp:attachment":[{"href":"https:\/\/stichtingepilepsiecuracao.com\/pap-cw\/wp-json\/wp\/v2\/media?parent=61"}],"curies":[{"name":"wp","href":"https:\/\/api.w.org\/{rel}","templated":true}]}}